{"id":1035,"date":"2025-04-24T13:41:38","date_gmt":"2025-04-24T13:41:38","guid":{"rendered":"https:\/\/unikatniradovinatasa.com\/?page_id=1035"},"modified":"2025-05-05T19:09:31","modified_gmt":"2025-05-05T19:09:31","slug":"raspored-casova","status":"publish","type":"page","link":"https:\/\/unikatniradovinatasa.com\/index.php\/raspored-casova\/","title":{"rendered":"Raspored \u010dasova"},"content":{"rendered":"\n[et_pb_section fb_built=&#8221;1&#8243; _builder_version=&#8221;4.27.4&#8243; _module_preset=&#8221;default&#8221; global_colors_info=&#8221;{}&#8221;][et_pb_row _builder_version=&#8221;4.27.4&#8243; _module_preset=&#8221;default&#8221; global_colors_info=&#8221;{}&#8221;][et_pb_column type=&#8221;4_4&#8243; _builder_version=&#8221;4.27.4&#8243; _module_preset=&#8221;default&#8221; global_colors_info=&#8221;{}&#8221;][et_pb_text _builder_version=&#8221;4.27.4&#8243; _module_preset=&#8221;default&#8221; header_font=&#8221;Autour One|600||on|||||&#8221; header_text_align=&#8221;center&#8221; header_text_color=&#8221;#5e4e56&#8243; header_line_height=&#8221;1.2em&#8221; custom_margin=&#8221;|0px||0px|false|true&#8221; custom_margin_tablet=&#8221;|0px||0px|false|true&#8221; custom_margin_phone=&#8221;-42px||||false|true&#8221; custom_margin_last_edited=&#8221;on|phone&#8221; custom_padding=&#8221;0px||||false|false&#8221; hover_enabled=&#8221;0&#8243; header_font_size_tablet=&#8221;31px&#8221; header_font_size_phone=&#8221;18px&#8221; header_font_size_last_edited=&#8221;on|phone&#8221; header_text_shadow_style=&#8221;preset2&#8243; global_colors_info=&#8221;{}&#8221; sticky_enabled=&#8221;0&#8243;]<h1>raspored \u010dasova<\/h1>[\/et_pb_text][et_pb_text _builder_version=&#8221;4.27.4&#8243; _module_preset=&#8221;default&#8221; text_font=&#8221;Poppins||||||||&#8221; text_text_color=&#8221;#5E4E56&#8243; header_2_font=&#8221;Poppins|600|||||||&#8221; header_2_text_color=&#8221;#5E4E56&#8243; header_2_font_size=&#8221;20px&#8221; hover_enabled=&#8221;0&#8243; global_colors_info=&#8221;{}&#8221; sticky_enabled=&#8221;0&#8243; header_2_font_size_last_edited=&#8221;on|phone&#8221; header_2_font_size_phone=&#8221;19px&#8221; header_2_line_height_last_edited=&#8221;on|phone&#8221; header_2_line_height_phone=&#8221;1.4em&#8221; text_font_size_last_edited=&#8221;on|phone&#8221; text_font_size_phone=&#8221;13px&#8221; custom_margin_last_edited=&#8221;on|phone&#8221; custom_margin_phone=&#8221;-13px||||false|false&#8221; header_2_font_size_tablet=&#8221;20px&#8221;]<h2 data-start=\"164\" data-end=\"227\">Personalizovani raspored \u010dasova za osnovce (1\u20138. razred)<\/h2>\n<p data-start=\"229\" data-end=\"453\" class=\"\">U\u010denje je lak\u0161e kada je sve lepo organizovano!<br data-start=\"275\" data-end=\"278\" \/>Predstavljam vam jedinstveni <strong data-start=\"307\" data-end=\"369\">personalizovani raspored \u010dasova za celo osnovno \u0161kolovanje<\/strong> \u2013 savr\u0161en spoj prakti\u010dnosti i kreativnosti koji \u0107e se svideti i deci i roditeljima.<\/p>[\/et_pb_text][\/et_pb_column][\/et_pb_row][et_pb_row _builder_version=&#8221;4.27.4&#8243; _module_preset=&#8221;default&#8221; column_structure=&#8221;1_2,1_2&#8243; hover_enabled=&#8221;0&#8243; sticky_enabled=&#8221;0&#8243; background_color=&#8221;#9D6A89&#8243; border_radii=&#8221;on|30px|30px|30px|30px&#8221; box_shadow_style=&#8221;preset2&#8243;][et_pb_column _builder_version=&#8221;4.27.4&#8243; _module_preset=&#8221;default&#8221; type=&#8221;1_2&#8243; background_color=&#8221;#9D6A89&#8243; border_radii=&#8221;on|30px|30px|30px|30px&#8221; border_color_all=&#8221;#9D6A89&#8243; hover_enabled=&#8221;0&#8243; sticky_enabled=&#8221;0&#8243;][et_pb_text _builder_version=&#8221;4.27.4&#8243; _module_preset=&#8221;default&#8221; text_font=&#8221;Poppins||||||||&#8221; text_text_color=&#8221;#FFFFFF&#8221; custom_margin=&#8221;0px|||41px|false|false&#8221; custom_padding=&#8221;0px|||0px|false|false&#8221; hover_enabled=&#8221;0&#8243; sticky_enabled=&#8221;0&#8243; text_font_size=&#8221;18px&#8221; header_font=&#8221;Poppins||||||||&#8221; header_font_size=&#8221;25px&#8221; header_2_font=&#8221;Poppins||||||||&#8221; header_2_font_size=&#8221;25px&#8221; header_2_text_color=&#8221;#FFFFFF&#8221; header_2_text_shadow_style=&#8221;preset1&#8243; header_2_font_size_last_edited=&#8221;on|phone&#8221; header_2_font_size_phone=&#8221;20px&#8221; module_alignment_last_edited=&#8221;on|phone&#8221; custom_margin_last_edited=&#8221;on|tablet&#8221; custom_margin_phone=&#8221;0px|20px||20px|false|true&#8221; text_font_size_last_edited=&#8221;on|phone&#8221; text_font_size_phone=&#8221;13px&#8221; custom_margin_tablet=&#8221;|50px||50px|false|true&#8221; text_line_height_last_edited=&#8221;on|tablet&#8221; text_line_height_tablet=&#8221;1.7em&#8221; header_2_font_size_tablet=&#8221;25px&#8221; text_font_size_tablet=&#8221;18px&#8221; text_line_height_phone=&#8221;1.7em&#8221;]<h2 data-start=\"455\" data-end=\"488\"><strong>\u0160ta dobijate u kompletu?<\/strong><\/h2>\n<ul data-start=\"489\" data-end=\"872\">\n<li data-start=\"489\" data-end=\"561\" class=\"\">\n<p data-start=\"491\" data-end=\"561\" class=\"\">Stabilno postolje koje se lako postavlja na radni sto ili policu<\/p>\n<\/li>\n<li data-start=\"562\" data-end=\"695\" class=\"\">\n<p data-start=\"564\" data-end=\"695\" class=\"\">Komplet plo\u010dica sa predmetima za od 1\u20134. ili od 5\u20138. razreda, koje dete mo\u017ee samostalno slagati prema svom rasporedu<\/p>\n<\/li>\n<li data-start=\"696\" data-end=\"772\" class=\"\">\n<p data-start=\"698\" data-end=\"772\" class=\"\">Personalizaciju sa imenom deteta po \u017eelji \u2013 na \u0107irilici ili latinici<\/p>\n<\/li>\n<li data-start=\"773\" data-end=\"872\" class=\"\">\n<p data-start=\"775\" data-end=\"872\" class=\"\">Dizajn prilago\u0111en devoj\u010dicama i de\u010dacima, sa pa\u017eljivo biranim motivima koji prate de\u010diji svet<\/p>\n<\/li>\n<\/ul>[\/et_pb_text][\/et_pb_column][et_pb_column _builder_version=&#8221;4.27.4&#8243; _module_preset=&#8221;default&#8221; type=&#8221;1_2&#8243;][et_pb_image src=&#8221;http:\/\/unikatniradovinatasa.com\/wp-content\/uploads\/2025\/04\/Stefan-raspored.jpg&#8221; _builder_version=&#8221;4.27.4&#8243; _module_preset=&#8221;default&#8221; alt=&#8221;Raspored casova&#8221; title_text=&#8221;Raspored casova&#8221; width=&#8221;76%&#8221; module_alignment=&#8221;center&#8221; border_radii=&#8221;on|20px|20px|20px|20px&#8221; hover_enabled=&#8221;0&#8243; sticky_enabled=&#8221;0&#8243; width_last_edited=&#8221;on|phone&#8221; width_phone=&#8221;82%&#8221; width_tablet=&#8221;83%&#8221;][\/et_pb_image][\/et_pb_column][\/et_pb_row][et_pb_row _builder_version=&#8221;4.27.4&#8243; _module_preset=&#8221;default&#8221;][et_pb_column _builder_version=&#8221;4.27.4&#8243; _module_preset=&#8221;default&#8221; type=&#8221;4_4&#8243;][et_pb_text _builder_version=&#8221;4.27.4&#8243; _module_preset=&#8221;default&#8221; text_font=&#8221;Poppins||||||||&#8221; text_text_color=&#8221;#5E4E56&#8243; hover_enabled=&#8221;0&#8243; sticky_enabled=&#8221;0&#8243; text_font_size_last_edited=&#8221;on|phone&#8221; text_font_size_phone=&#8221;13px&#8221;]<p data-start=\"874\" data-end=\"1003\" class=\"\">Raspored je napravljen od kvalitetnog i otpornog Forex materijala, on je trajan, lak za odr\u017eavanje i vizuelno privla\u010dan.<\/p>\n<p data-start=\"1005\" data-end=\"1102\" class=\"\">Idealan je kao poklon za polazak u \u0161kolu, ro\u0111endan ili kao prakti\u010dan detalj za svaku de\u010diju sobu!<\/p>\n<p data-start=\"1104\" data-end=\"1216\" class=\"\">Neka svaki \u0161kolski dan po\u010dne sa osmehom i dobrim rasporedom!<br data-start=\"1166\" data-end=\"1169\" \/>Poru\u010dite svoj unikatni raspored \u010dasova ve\u0107 danas!<\/p>[\/et_pb_text][\/et_pb_column][\/et_pb_row][et_pb_row _builder_version=&#8221;4.27.4&#8243; _module_preset=&#8221;default&#8221;][et_pb_column _builder_version=&#8221;4.27.4&#8243; _module_preset=&#8221;default&#8221; type=&#8221;4_4&#8243;][et_pb_text _builder_version=&#8221;4.27.4&#8243; _module_preset=&#8221;default&#8221; text_font=&#8221;Poppins|600|||||||&#8221; text_text_color=&#8221;#5E4E56&#8243; text_font_size=&#8221;20px&#8221; header_font=&#8221;Autour One|600||on|||||&#8221; header_text_align=&#8221;center&#8221; header_text_color=&#8221;#5e4e56&#8243; width_tablet=&#8221;&#8221; width_phone=&#8221;&#8221; width_last_edited=&#8221;on|phone&#8221; custom_margin=&#8221;||-24px||false|false&#8221; custom_margin_tablet=&#8221;||-24px||false|false&#8221; custom_margin_phone=&#8221;-37px||-25px||false|true&#8221; custom_margin_last_edited=&#8221;on|phone&#8221; custom_padding=&#8221;0px||||false|false&#8221; hover_enabled=&#8221;0&#8243; text_font_size_tablet=&#8221;20px&#8221; text_font_size_phone=&#8221;16px&#8221; text_font_size_last_edited=&#8221;on|phone&#8221; header_font_size_tablet=&#8221;31px&#8221; header_font_size_phone=&#8221;20px&#8221; header_font_size_last_edited=&#8221;on|phone&#8221; header_text_shadow_style=&#8221;preset2&#8243; global_colors_info=&#8221;{}&#8221; theme_builder_area=&#8221;post_content&#8221; sticky_enabled=&#8221;0&#8243;]<h1>modele pozadina<\/h1>\n<p style=\"text-align: center;\">pogledajte ovde<\/p>[\/et_pb_text][\/et_pb_column][\/et_pb_row][et_pb_row _builder_version=&#8221;4.27.4&#8243; _module_preset=&#8221;default&#8221; column_structure=&#8221;1_2,1_2&#8243;][et_pb_column _builder_version=&#8221;4.27.4&#8243; _module_preset=&#8221;default&#8221; type=&#8221;1_2&#8243;][et_pb_image src=&#8221;http:\/\/unikatniradovinatasa.com\/wp-content\/uploads\/2025\/04\/Devojcice.jpg&#8221; _builder_version=&#8221;4.27.4&#8243; _module_preset=&#8221;default&#8221; alt=&#8221;Devojcice raspored casova&#8221; title_text=&#8221;Devojcice raspored casova&#8221; hover_enabled=&#8221;0&#8243; sticky_enabled=&#8221;0&#8243; width=&#8221;50%&#8221; module_alignment=&#8221;right&#8221; custom_margin_last_edited=&#8221;on|phone&#8221; custom_margin_phone=&#8221;-28px||||false|false&#8221; width_last_edited=&#8221;on|tablet&#8221; width_tablet=&#8221;50%&#8221; module_alignment_last_edited=&#8221;on|tablet&#8221; module_alignment_tablet=&#8221;left&#8221; width_phone=&#8221;49%&#8221; module_alignment_phone=&#8221;left&#8221;][\/et_pb_image][\/et_pb_column][et_pb_column _builder_version=&#8221;4.27.4&#8243; _module_preset=&#8221;default&#8221; type=&#8221;1_2&#8243;][et_pb_image src=&#8221;http:\/\/unikatniradovinatasa.com\/wp-content\/uploads\/2025\/04\/Decaci.jpg&#8221; _builder_version=&#8221;4.27.4&#8243; _module_preset=&#8221;default&#8221; alt=&#8221;Decaci raspored casova&#8221; title_text=&#8221;Decaci raspored casova&#8221; hover_enabled=&#8221;0&#8243; sticky_enabled=&#8221;0&#8243; width=&#8221;50%&#8221; module_alignment=&#8221;left&#8221; width_last_edited=&#8221;on|tablet&#8221; width_tablet=&#8221;50%&#8221; module_alignment_last_edited=&#8221;on|tablet&#8221; module_alignment_tablet=&#8221;right&#8221; custom_margin_last_edited=&#8221;on|tablet&#8221; custom_margin_tablet=&#8221;-459px||||false|false&#8221; width_phone=&#8221;49%&#8221; custom_margin_phone=&#8221;-249px||||false|false&#8221; module_alignment_phone=&#8221;right&#8221;][\/et_pb_image][\/et_pb_column][\/et_pb_row][\/et_pb_section]\n","protected":false},"excerpt":{"rendered":"<p>raspored \u010dasovaPersonalizovani raspored \u010dasova za osnovce (1\u20138. razred) U\u010denje je lak\u0161e kada je sve lepo organizovano!Predstavljam vam jedinstveni personalizovani raspored \u010dasova za celo osnovno \u0161kolovanje \u2013 savr\u0161en spoj prakti\u010dnosti i kreativnosti koji \u0107e se svideti i deci i roditeljima.\u0160ta dobijate u kompletu? Stabilno postolje koje se lako postavlja na radni sto ili policu Komplet plo\u010dica [&hellip;]<\/p>\n","protected":false},"author":2,"featured_media":0,"parent":0,"menu_order":0,"comment_status":"closed","ping_status":"closed","template":"","meta":{"_et_pb_use_builder":"on","_et_pb_old_content":"","_et_gb_content_width":"","footnotes":""},"class_list":["post-1035","page","type-page","status-publish","hentry"],"yoast_head":"<!-- This site is optimized with the Yoast SEO plugin v26.1.1 - https:\/\/yoast.com\/wordpress\/plugins\/seo\/ -->\n<title>Raspored \u010dasova - Unikatni radovi Natasa<\/title>\n<meta name=\"robots\" content=\"index, follow, max-snippet:-1, max-image-preview:large, max-video-preview:-1\" \/>\n<link rel=\"canonical\" href=\"https:\/\/unikatniradovinatasa.com\/index.php\/raspored-casova\/\" \/>\n<meta property=\"og:locale\" content=\"en_US\" \/>\n<meta property=\"og:type\" content=\"article\" \/>\n<meta property=\"og:title\" content=\"Raspored \u010dasova - Unikatni radovi Natasa\" \/>\n<meta property=\"og:description\" content=\"raspored \u010dasovaPersonalizovani raspored \u010dasova za osnovce (1\u20138. razred) U\u010denje je lak\u0161e kada je sve lepo organizovano!Predstavljam vam jedinstveni personalizovani raspored \u010dasova za celo osnovno \u0161kolovanje \u2013 savr\u0161en spoj prakti\u010dnosti i kreativnosti koji \u0107e se svideti i deci i roditeljima.\u0160ta dobijate u kompletu? Stabilno postolje koje se lako postavlja na radni sto ili policu Komplet plo\u010dica [&hellip;]\" \/>\n<meta property=\"og:url\" content=\"https:\/\/unikatniradovinatasa.com\/index.php\/raspored-casova\/\" \/>\n<meta property=\"og:site_name\" content=\"Unikatni radovi Natasa\" \/>\n<meta property=\"article:publisher\" content=\"https:\/\/www.facebook.com\/unikatniradovinata\/\" \/>\n<meta property=\"article:modified_time\" content=\"2025-05-05T19:09:31+00:00\" \/>\n<meta name=\"twitter:card\" content=\"summary_large_image\" \/>\n<meta name=\"twitter:label1\" content=\"Est. reading time\" \/>\n\t<meta name=\"twitter:data1\" content=\"2 minutes\" \/>\n<script type=\"application\/ld+json\" class=\"yoast-schema-graph\">{\"@context\":\"https:\/\/schema.org\",\"@graph\":[{\"@type\":\"WebPage\",\"@id\":\"https:\/\/unikatniradovinatasa.com\/index.php\/raspored-casova\/\",\"url\":\"https:\/\/unikatniradovinatasa.com\/index.php\/raspored-casova\/\",\"name\":\"Raspored \u010dasova - Unikatni radovi Natasa\",\"isPartOf\":{\"@id\":\"https:\/\/unikatniradovinatasa.com\/#website\"},\"datePublished\":\"2025-04-24T13:41:38+00:00\",\"dateModified\":\"2025-05-05T19:09:31+00:00\",\"breadcrumb\":{\"@id\":\"https:\/\/unikatniradovinatasa.com\/index.php\/raspored-casova\/#breadcrumb\"},\"inLanguage\":\"en-US\",\"potentialAction\":[{\"@type\":\"ReadAction\",\"target\":[\"https:\/\/unikatniradovinatasa.com\/index.php\/raspored-casova\/\"]}]},{\"@type\":\"BreadcrumbList\",\"@id\":\"https:\/\/unikatniradovinatasa.com\/index.php\/raspored-casova\/#breadcrumb\",\"itemListElement\":[{\"@type\":\"ListItem\",\"position\":1,\"name\":\"Home\",\"item\":\"https:\/\/unikatniradovinatasa.com\/\"},{\"@type\":\"ListItem\",\"position\":2,\"name\":\"Raspored \u010dasova\"}]},{\"@type\":\"WebSite\",\"@id\":\"https:\/\/unikatniradovinatasa.com\/#website\",\"url\":\"https:\/\/unikatniradovinatasa.com\/\",\"name\":\"Rucni radovi\",\"description\":\"Ru\u010dni radovi\",\"publisher\":{\"@id\":\"https:\/\/unikatniradovinatasa.com\/#organization\"},\"potentialAction\":[{\"@type\":\"SearchAction\",\"target\":{\"@type\":\"EntryPoint\",\"urlTemplate\":\"https:\/\/unikatniradovinatasa.com\/?s={search_term_string}\"},\"query-input\":{\"@type\":\"PropertyValueSpecification\",\"valueRequired\":true,\"valueName\":\"search_term_string\"}}],\"inLanguage\":\"en-US\"},{\"@type\":\"Organization\",\"@id\":\"https:\/\/unikatniradovinatasa.com\/#organization\",\"name\":\"unikatni radovi natasa\",\"url\":\"https:\/\/unikatniradovinatasa.com\/\",\"logo\":{\"@type\":\"ImageObject\",\"inLanguage\":\"en-US\",\"@id\":\"https:\/\/unikatniradovinatasa.com\/#\/schema\/logo\/image\/\",\"url\":\"https:\/\/unikatniradovinatasa.com\/wp-content\/uploads\/2024\/02\/Logo.jpg\",\"contentUrl\":\"https:\/\/unikatniradovinatasa.com\/wp-content\/uploads\/2024\/02\/Logo.jpg\",\"width\":1850,\"height\":818,\"caption\":\"unikatni radovi natasa\"},\"image\":{\"@id\":\"https:\/\/unikatniradovinatasa.com\/#\/schema\/logo\/image\/\"},\"sameAs\":[\"https:\/\/www.facebook.com\/unikatniradovinata\/\",\"https:\/\/www.instagram.com\/unikatni_radovi_natasa\/\"]}]}<\/script>\n<!-- \/ Yoast SEO plugin. -->","yoast_head_json":{"title":"Raspored \u010dasova - Unikatni radovi Natasa","robots":{"index":"index","follow":"follow","max-snippet":"max-snippet:-1","max-image-preview":"max-image-preview:large","max-video-preview":"max-video-preview:-1"},"canonical":"https:\/\/unikatniradovinatasa.com\/index.php\/raspored-casova\/","og_locale":"en_US","og_type":"article","og_title":"Raspored \u010dasova - Unikatni radovi Natasa","og_description":"raspored \u010dasovaPersonalizovani raspored \u010dasova za osnovce (1\u20138. razred) U\u010denje je lak\u0161e kada je sve lepo organizovano!Predstavljam vam jedinstveni personalizovani raspored \u010dasova za celo osnovno \u0161kolovanje \u2013 savr\u0161en spoj prakti\u010dnosti i kreativnosti koji \u0107e se svideti i deci i roditeljima.\u0160ta dobijate u kompletu? Stabilno postolje koje se lako postavlja na radni sto ili policu Komplet plo\u010dica [&hellip;]","og_url":"https:\/\/unikatniradovinatasa.com\/index.php\/raspored-casova\/","og_site_name":"Unikatni radovi Natasa","article_publisher":"https:\/\/www.facebook.com\/unikatniradovinata\/","article_modified_time":"2025-05-05T19:09:31+00:00","twitter_card":"summary_large_image","twitter_misc":{"Est. reading time":"2 minutes"},"schema":{"@context":"https:\/\/schema.org","@graph":[{"@type":"WebPage","@id":"https:\/\/unikatniradovinatasa.com\/index.php\/raspored-casova\/","url":"https:\/\/unikatniradovinatasa.com\/index.php\/raspored-casova\/","name":"Raspored \u010dasova - Unikatni radovi Natasa","isPartOf":{"@id":"https:\/\/unikatniradovinatasa.com\/#website"},"datePublished":"2025-04-24T13:41:38+00:00","dateModified":"2025-05-05T19:09:31+00:00","breadcrumb":{"@id":"https:\/\/unikatniradovinatasa.com\/index.php\/raspored-casova\/#breadcrumb"},"inLanguage":"en-US","potentialAction":[{"@type":"ReadAction","target":["https:\/\/unikatniradovinatasa.com\/index.php\/raspored-casova\/"]}]},{"@type":"BreadcrumbList","@id":"https:\/\/unikatniradovinatasa.com\/index.php\/raspored-casova\/#breadcrumb","itemListElement":[{"@type":"ListItem","position":1,"name":"Home","item":"https:\/\/unikatniradovinatasa.com\/"},{"@type":"ListItem","position":2,"name":"Raspored \u010dasova"}]},{"@type":"WebSite","@id":"https:\/\/unikatniradovinatasa.com\/#website","url":"https:\/\/unikatniradovinatasa.com\/","name":"Rucni radovi","description":"Ru\u010dni radovi","publisher":{"@id":"https:\/\/unikatniradovinatasa.com\/#organization"},"potentialAction":[{"@type":"SearchAction","target":{"@type":"EntryPoint","urlTemplate":"https:\/\/unikatniradovinatasa.com\/?s={search_term_string}"},"query-input":{"@type":"PropertyValueSpecification","valueRequired":true,"valueName":"search_term_string"}}],"inLanguage":"en-US"},{"@type":"Organization","@id":"https:\/\/unikatniradovinatasa.com\/#organization","name":"unikatni radovi natasa","url":"https:\/\/unikatniradovinatasa.com\/","logo":{"@type":"ImageObject","inLanguage":"en-US","@id":"https:\/\/unikatniradovinatasa.com\/#\/schema\/logo\/image\/","url":"https:\/\/unikatniradovinatasa.com\/wp-content\/uploads\/2024\/02\/Logo.jpg","contentUrl":"https:\/\/unikatniradovinatasa.com\/wp-content\/uploads\/2024\/02\/Logo.jpg","width":1850,"height":818,"caption":"unikatni radovi natasa"},"image":{"@id":"https:\/\/unikatniradovinatasa.com\/#\/schema\/logo\/image\/"},"sameAs":["https:\/\/www.facebook.com\/unikatniradovinata\/","https:\/\/www.instagram.com\/unikatni_radovi_natasa\/"]}]}},"_links":{"self":[{"href":"https:\/\/unikatniradovinatasa.com\/index.php\/wp-json\/wp\/v2\/pages\/1035","targetHints":{"allow":["GET"]}}],"collection":[{"href":"https:\/\/unikatniradovinatasa.com\/index.php\/wp-json\/wp\/v2\/pages"}],"about":[{"href":"https:\/\/unikatniradovinatasa.com\/index.php\/wp-json\/wp\/v2\/types\/page"}],"author":[{"embeddable":true,"href":"https:\/\/unikatniradovinatasa.com\/index.php\/wp-json\/wp\/v2\/users\/2"}],"replies":[{"embeddable":true,"href":"https:\/\/unikatniradovinatasa.com\/index.php\/wp-json\/wp\/v2\/comments?post=1035"}],"version-history":[{"count":5,"href":"https:\/\/unikatniradovinatasa.com\/index.php\/wp-json\/wp\/v2\/pages\/1035\/revisions"}],"predecessor-version":[{"id":1130,"href":"https:\/\/unikatniradovinatasa.com\/index.php\/wp-json\/wp\/v2\/pages\/1035\/revisions\/1130"}],"wp:attachment":[{"href":"https:\/\/unikatniradovinatasa.com\/index.php\/wp-json\/wp\/v2\/media?parent=1035"}],"curies":[{"name":"wp","href":"https:\/\/api.w.org\/{rel}","templated":true}]}}