{"id":1062,"date":"2025-04-24T20:29:10","date_gmt":"2025-04-24T20:29:10","guid":{"rendered":"https:\/\/unikatniradovinatasa.com\/?page_id=1062"},"modified":"2025-04-26T11:29:59","modified_gmt":"2025-04-26T11:29:59","slug":"ukrasni-ramovi","status":"publish","type":"page","link":"https:\/\/unikatniradovinatasa.com\/index.php\/ukrasni-ramovi\/","title":{"rendered":"Ukrasni ramovi"},"content":{"rendered":"<p>[et_pb_section fb_built=&#8221;1&#8243; _builder_version=&#8221;4.27.4&#8243; _module_preset=&#8221;default&#8221; global_colors_info=&#8221;{}&#8221;][et_pb_row _builder_version=&#8221;4.27.4&#8243; _module_preset=&#8221;default&#8221; global_colors_info=&#8221;{}&#8221;][et_pb_column type=&#8221;4_4&#8243; _builder_version=&#8221;4.27.4&#8243; _module_preset=&#8221;default&#8221; global_colors_info=&#8221;{}&#8221;][et_pb_text _builder_version=&#8221;4.27.4&#8243; _module_preset=&#8221;default&#8221; header_font=&#8221;Autour One|600||on|||||&#8221; header_text_align=&#8221;center&#8221; header_text_color=&#8221;#5e4e56&#8243; header_line_height=&#8221;1.2em&#8221; custom_margin=&#8221;|0px||0px|false|true&#8221; custom_margin_tablet=&#8221;|0px||0px|false|true&#8221; custom_margin_phone=&#8221;-58px||||false|true&#8221; custom_margin_last_edited=&#8221;on|phone&#8221; custom_padding=&#8221;0px||||false|false&#8221; header_font_size_tablet=&#8221;31px&#8221; header_font_size_phone=&#8221;18px&#8221; header_font_size_last_edited=&#8221;on|phone&#8221; header_text_shadow_style=&#8221;preset2&#8243; global_colors_info=&#8221;{}&#8221;]<\/p>\n<h1>ukrasni ramovi<\/h1>\n<p>[\/et_pb_text][et_pb_text _builder_version=&#8221;4.27.4&#8243; _module_preset=&#8221;default&#8221; text_font=&#8221;Poppins||||||||&#8221; text_text_color=&#8221;#5E4E56&#8243; header_2_font=&#8221;Poppins||||||||&#8221; header_2_text_color=&#8221;#5E4E56&#8243; header_2_font_size=&#8221;18px&#8221; custom_margin_tablet=&#8221;&#8221; custom_margin_phone=&#8221;-13px||||false|false&#8221; custom_margin_last_edited=&#8221;on|phone&#8221; global_colors_info=&#8221;{}&#8221;]<\/p>\n<h2 data-start=\"91\" data-end=\"157\">Unikatni ukrasni ramovi \u2013 savr\u0161en okvir za posebne trenutke<\/h2>\n<p data-start=\"159\" data-end=\"451\" class=\"\">Moja ponuda ramova nije samo dekoracija \u2013 to su pa\u017eljivo izra\u0111eni unikatni okviri koji pri\u010daju pri\u010du. Bilo da \u010duva\u0161 diplomu iz muzi\u010dke \u0161kole, zahvalnicu za baletski nastup ili neki drugi va\u017ean dokument, svaki ram pravim ru\u010dno i sa puno pa\u017enje prema temi i osobi kojoj je namenjen.<\/p>\n<p>[\/et_pb_text][\/et_pb_column][\/et_pb_row][et_pb_row _builder_version=&#8221;4.27.4&#8243; _module_preset=&#8221;default&#8221; hover_enabled=&#8221;0&#8243; global_colors_info=&#8221;{}&#8221; module_class=&#8221;gal-width&#8221; sticky_enabled=&#8221;0&#8243; use_custom_gutter=&#8221;on&#8221; gutter_width=&#8221;1&#8243; module_alignment=&#8221;center&#8221; width_last_edited=&#8221;on|tablet&#8221; width_tablet=&#8221;80%&#8221; custom_margin_last_edited=&#8221;on|tablet&#8221; custom_margin_tablet=&#8221;-36px||||false|false&#8221; width_phone=&#8221;55%&#8221; custom_padding_last_edited=&#8221;on|phone&#8221; custom_padding_phone=&#8221;|||23px|false|false&#8221; module_alignment_last_edited=&#8221;on|phone&#8221; module_alignment_phone=&#8221;left&#8221; custom_margin_phone=&#8221;-36px||||false|false&#8221; module_alignment_tablet=&#8221;center&#8221;][et_pb_column type=&#8221;4_4&#8243; _builder_version=&#8221;4.27.4&#8243; _module_preset=&#8221;default&#8221; global_colors_info=&#8221;{}&#8221;][et_pb_gallery gallery_ids=&#8221;1065,1066&#8243; posts_number=&#8221;15&#8243; orientation=&#8221;portrait&#8221; show_title_and_caption=&#8221;off&#8221; show_pagination=&#8221;off&#8221; zoom_icon_color=&#8221;#FFFFFF&#8221; hover_overlay_color=&#8221;rgba(94,66,80,0.31)&#8221; hover_icon=&#8221;&#x30;||divi||400&#8243; _builder_version=&#8221;4.27.4&#8243; _module_preset=&#8221;default&#8221; custom_margin=&#8221;|||||true&#8221; custom_margin_tablet=&#8221;|10px||10px|false|true&#8221; custom_margin_phone=&#8221;|10px||10px|false|true&#8221; custom_margin_last_edited=&#8221;on|phone&#8221; hover_enabled=&#8221;0&#8243; border_width_all_image=&#8221;6px&#8221; border_color_all_image=&#8221;rgba(255,255,255,0)&#8221; global_colors_info=&#8221;{}&#8221; sticky_enabled=&#8221;0&#8243; width_last_edited=&#8221;on|tablet&#8221; width_tablet=&#8221;130%&#8221; width_phone=&#8221;130%&#8221;][\/et_pb_gallery][\/et_pb_column][\/et_pb_row][et_pb_row _builder_version=&#8221;4.27.4&#8243; _module_preset=&#8221;default&#8221; background_color=&#8221;#EE92C2&#8243; border_radii=&#8221;on|30px|30px|30px|30px&#8221; box_shadow_style=&#8221;preset2&#8243; global_colors_info=&#8221;{}&#8221;][et_pb_column type=&#8221;4_4&#8243; _builder_version=&#8221;4.27.4&#8243; _module_preset=&#8221;default&#8221; global_colors_info=&#8221;{}&#8221;][et_pb_text _builder_version=&#8221;4.27.4&#8243; _module_preset=&#8221;default&#8221; text_font=&#8221;Poppins||||||||&#8221; text_text_color=&#8221;#FFFFFF&#8221; text_font_size=&#8221;17px&#8221; text_line_height=&#8221;1.8em&#8221; module_alignment=&#8221;right&#8221; custom_margin=&#8221;|0px||0px|false|false&#8221; custom_padding=&#8221;|51px||51px|false|true&#8221; custom_padding_tablet=&#8221;|57px||57px|false|true&#8221; custom_padding_phone=&#8221;|34px||34px|false|true&#8221; custom_padding_last_edited=&#8221;on|tablet&#8221; text_font_size_tablet=&#8221;17px&#8221; text_font_size_phone=&#8221;15px&#8221; text_font_size_last_edited=&#8221;on|phone&#8221; global_colors_info=&#8221;{}&#8221;]<\/p>\n<p>\ud83c\udfbc <strong data-start=\"456\" data-end=\"471\">Za muzi\u010dare<\/strong> \u2013 ukrasi poput nota, gitare, harmonike i drugih instrumenata oplemeni\u0107e svaku muzi\u010dku diplomu.<br data-start=\"566\" data-end=\"569\" \/>\ud83e\ude70 <strong data-start=\"572\" data-end=\"592\">Za male balerine<\/strong> \u2013 motivi balerina, baletanki i suknjica pretvaraju diplomu u pravo malo umetni\u010dko delo.<br data-start=\"680\" data-end=\"683\" \/>\ud83c\udf93 <strong data-start=\"686\" data-end=\"711\">Za sve ostale prilike<\/strong> \u2013 ro\u0111endani, mature, diplome, posebna priznanja \u2013 teme prilago\u0111avam po tvojoj \u017eelji.<\/p>\n<p>[\/et_pb_text][\/et_pb_column][\/et_pb_row][et_pb_row _builder_version=&#8221;4.27.4&#8243; _module_preset=&#8221;default&#8221; global_colors_info=&#8221;{}&#8221;][et_pb_column type=&#8221;4_4&#8243; _builder_version=&#8221;4.27.4&#8243; _module_preset=&#8221;default&#8221; global_colors_info=&#8221;{}&#8221;][et_pb_text _builder_version=&#8221;4.27.4&#8243; _module_preset=&#8221;default&#8221; text_font=&#8221;Poppins||||||||&#8221; text_text_color=&#8221;#5E4E56&#8243; global_colors_info=&#8221;{}&#8221;]<\/p>\n<p data-start=\"799\" data-end=\"1009\" class=\"\">Svaki ram je ru\u010dni rad i izra\u0111uje se <strong data-start=\"839\" data-end=\"856\">po porud\u017ebini<\/strong>, u skladu s tvojim \u017eeljama i prilikom za koju se pravi.<br data-start=\"912\" data-end=\"915\" \/>\ud83c\udfa8 Dizajn mo\u017ee biti potpuno personalizovan \u2013 boje, motivi, natpisi&#8230; ti bira\u0161, a ja stvaram!<\/p>\n<p data-start=\"1011\" data-end=\"1120\" class=\"\">Neka tvoje va\u017ene uspomene dobiju posebno mesto koje zaslu\u017euju \u2013 u <strong data-start=\"1077\" data-end=\"1117\">unikatnom okviru ra\u0111enom s ljubavlju<\/strong>.<\/p>\n<p data-start=\"1122\" data-end=\"1188\" class=\"\">\ud83d\udce9 Poru\u010di svoj ram jo\u0161 danas i sa\u010duvaj uspomenu na najlep\u0161i na\u010din!<\/p>\n<p>[\/et_pb_text][\/et_pb_column][\/et_pb_row][\/et_pb_section]<\/p>\n","protected":false},"excerpt":{"rendered":"<p>ukrasni ramoviUnikatni ukrasni ramovi \u2013 savr\u0161en okvir za posebne trenutke Moja ponuda ramova nije samo dekoracija \u2013 to su pa\u017eljivo izra\u0111eni unikatni okviri koji pri\u010daju pri\u010du. Bilo da \u010duva\u0161 diplomu iz muzi\u010dke \u0161kole, zahvalnicu za baletski nastup ili neki drugi va\u017ean dokument, svaki ram pravim ru\u010dno i sa puno pa\u017enje prema temi i osobi kojoj [&hellip;]<\/p>\n","protected":false},"author":2,"featured_media":0,"parent":0,"menu_order":0,"comment_status":"closed","ping_status":"closed","template":"","meta":{"_et_pb_use_builder":"on","_et_pb_old_content":"","_et_gb_content_width":"","footnotes":""},"class_list":["post-1062","page","type-page","status-publish","hentry"],"yoast_head":"<!-- This site is optimized with the Yoast SEO plugin v26.1.1 - https:\/\/yoast.com\/wordpress\/plugins\/seo\/ -->\n<title>Ukrasni ramovi - Unikatni radovi Natasa<\/title>\n<meta name=\"robots\" content=\"index, follow, max-snippet:-1, max-image-preview:large, max-video-preview:-1\" \/>\n<link rel=\"canonical\" href=\"https:\/\/unikatniradovinatasa.com\/index.php\/ukrasni-ramovi\/\" \/>\n<meta property=\"og:locale\" content=\"en_US\" \/>\n<meta property=\"og:type\" content=\"article\" \/>\n<meta property=\"og:title\" content=\"Ukrasni ramovi - Unikatni radovi Natasa\" \/>\n<meta property=\"og:description\" content=\"ukrasni ramoviUnikatni ukrasni ramovi \u2013 savr\u0161en okvir za posebne trenutke Moja ponuda ramova nije samo dekoracija \u2013 to su pa\u017eljivo izra\u0111eni unikatni okviri koji pri\u010daju pri\u010du. Bilo da \u010duva\u0161 diplomu iz muzi\u010dke \u0161kole, zahvalnicu za baletski nastup ili neki drugi va\u017ean dokument, svaki ram pravim ru\u010dno i sa puno pa\u017enje prema temi i osobi kojoj [&hellip;]\" \/>\n<meta property=\"og:url\" content=\"https:\/\/unikatniradovinatasa.com\/index.php\/ukrasni-ramovi\/\" \/>\n<meta property=\"og:site_name\" content=\"Unikatni radovi Natasa\" \/>\n<meta property=\"article:publisher\" content=\"https:\/\/www.facebook.com\/unikatniradovinata\/\" \/>\n<meta property=\"article:modified_time\" content=\"2025-04-26T11:29:59+00:00\" \/>\n<meta name=\"twitter:card\" content=\"summary_large_image\" \/>\n<script type=\"application\/ld+json\" class=\"yoast-schema-graph\">{\"@context\":\"https:\/\/schema.org\",\"@graph\":[{\"@type\":\"WebPage\",\"@id\":\"https:\/\/unikatniradovinatasa.com\/index.php\/ukrasni-ramovi\/\",\"url\":\"https:\/\/unikatniradovinatasa.com\/index.php\/ukrasni-ramovi\/\",\"name\":\"Ukrasni ramovi - Unikatni radovi Natasa\",\"isPartOf\":{\"@id\":\"https:\/\/unikatniradovinatasa.com\/#website\"},\"datePublished\":\"2025-04-24T20:29:10+00:00\",\"dateModified\":\"2025-04-26T11:29:59+00:00\",\"breadcrumb\":{\"@id\":\"https:\/\/unikatniradovinatasa.com\/index.php\/ukrasni-ramovi\/#breadcrumb\"},\"inLanguage\":\"en-US\",\"potentialAction\":[{\"@type\":\"ReadAction\",\"target\":[\"https:\/\/unikatniradovinatasa.com\/index.php\/ukrasni-ramovi\/\"]}]},{\"@type\":\"BreadcrumbList\",\"@id\":\"https:\/\/unikatniradovinatasa.com\/index.php\/ukrasni-ramovi\/#breadcrumb\",\"itemListElement\":[{\"@type\":\"ListItem\",\"position\":1,\"name\":\"Home\",\"item\":\"https:\/\/unikatniradovinatasa.com\/\"},{\"@type\":\"ListItem\",\"position\":2,\"name\":\"Ukrasni ramovi\"}]},{\"@type\":\"WebSite\",\"@id\":\"https:\/\/unikatniradovinatasa.com\/#website\",\"url\":\"https:\/\/unikatniradovinatasa.com\/\",\"name\":\"Rucni radovi\",\"description\":\"Ru\u010dni radovi\",\"publisher\":{\"@id\":\"https:\/\/unikatniradovinatasa.com\/#organization\"},\"potentialAction\":[{\"@type\":\"SearchAction\",\"target\":{\"@type\":\"EntryPoint\",\"urlTemplate\":\"https:\/\/unikatniradovinatasa.com\/?s={search_term_string}\"},\"query-input\":{\"@type\":\"PropertyValueSpecification\",\"valueRequired\":true,\"valueName\":\"search_term_string\"}}],\"inLanguage\":\"en-US\"},{\"@type\":\"Organization\",\"@id\":\"https:\/\/unikatniradovinatasa.com\/#organization\",\"name\":\"unikatni radovi natasa\",\"url\":\"https:\/\/unikatniradovinatasa.com\/\",\"logo\":{\"@type\":\"ImageObject\",\"inLanguage\":\"en-US\",\"@id\":\"https:\/\/unikatniradovinatasa.com\/#\/schema\/logo\/image\/\",\"url\":\"https:\/\/unikatniradovinatasa.com\/wp-content\/uploads\/2024\/02\/Logo.jpg\",\"contentUrl\":\"https:\/\/unikatniradovinatasa.com\/wp-content\/uploads\/2024\/02\/Logo.jpg\",\"width\":1850,\"height\":818,\"caption\":\"unikatni radovi natasa\"},\"image\":{\"@id\":\"https:\/\/unikatniradovinatasa.com\/#\/schema\/logo\/image\/\"},\"sameAs\":[\"https:\/\/www.facebook.com\/unikatniradovinata\/\",\"https:\/\/www.instagram.com\/unikatni_radovi_natasa\/\"]}]}<\/script>\n<!-- \/ Yoast SEO plugin. -->","yoast_head_json":{"title":"Ukrasni ramovi - Unikatni radovi Natasa","robots":{"index":"index","follow":"follow","max-snippet":"max-snippet:-1","max-image-preview":"max-image-preview:large","max-video-preview":"max-video-preview:-1"},"canonical":"https:\/\/unikatniradovinatasa.com\/index.php\/ukrasni-ramovi\/","og_locale":"en_US","og_type":"article","og_title":"Ukrasni ramovi - Unikatni radovi Natasa","og_description":"ukrasni ramoviUnikatni ukrasni ramovi \u2013 savr\u0161en okvir za posebne trenutke Moja ponuda ramova nije samo dekoracija \u2013 to su pa\u017eljivo izra\u0111eni unikatni okviri koji pri\u010daju pri\u010du. Bilo da \u010duva\u0161 diplomu iz muzi\u010dke \u0161kole, zahvalnicu za baletski nastup ili neki drugi va\u017ean dokument, svaki ram pravim ru\u010dno i sa puno pa\u017enje prema temi i osobi kojoj [&hellip;]","og_url":"https:\/\/unikatniradovinatasa.com\/index.php\/ukrasni-ramovi\/","og_site_name":"Unikatni radovi Natasa","article_publisher":"https:\/\/www.facebook.com\/unikatniradovinata\/","article_modified_time":"2025-04-26T11:29:59+00:00","twitter_card":"summary_large_image","schema":{"@context":"https:\/\/schema.org","@graph":[{"@type":"WebPage","@id":"https:\/\/unikatniradovinatasa.com\/index.php\/ukrasni-ramovi\/","url":"https:\/\/unikatniradovinatasa.com\/index.php\/ukrasni-ramovi\/","name":"Ukrasni ramovi - Unikatni radovi Natasa","isPartOf":{"@id":"https:\/\/unikatniradovinatasa.com\/#website"},"datePublished":"2025-04-24T20:29:10+00:00","dateModified":"2025-04-26T11:29:59+00:00","breadcrumb":{"@id":"https:\/\/unikatniradovinatasa.com\/index.php\/ukrasni-ramovi\/#breadcrumb"},"inLanguage":"en-US","potentialAction":[{"@type":"ReadAction","target":["https:\/\/unikatniradovinatasa.com\/index.php\/ukrasni-ramovi\/"]}]},{"@type":"BreadcrumbList","@id":"https:\/\/unikatniradovinatasa.com\/index.php\/ukrasni-ramovi\/#breadcrumb","itemListElement":[{"@type":"ListItem","position":1,"name":"Home","item":"https:\/\/unikatniradovinatasa.com\/"},{"@type":"ListItem","position":2,"name":"Ukrasni ramovi"}]},{"@type":"WebSite","@id":"https:\/\/unikatniradovinatasa.com\/#website","url":"https:\/\/unikatniradovinatasa.com\/","name":"Rucni radovi","description":"Ru\u010dni radovi","publisher":{"@id":"https:\/\/unikatniradovinatasa.com\/#organization"},"potentialAction":[{"@type":"SearchAction","target":{"@type":"EntryPoint","urlTemplate":"https:\/\/unikatniradovinatasa.com\/?s={search_term_string}"},"query-input":{"@type":"PropertyValueSpecification","valueRequired":true,"valueName":"search_term_string"}}],"inLanguage":"en-US"},{"@type":"Organization","@id":"https:\/\/unikatniradovinatasa.com\/#organization","name":"unikatni radovi natasa","url":"https:\/\/unikatniradovinatasa.com\/","logo":{"@type":"ImageObject","inLanguage":"en-US","@id":"https:\/\/unikatniradovinatasa.com\/#\/schema\/logo\/image\/","url":"https:\/\/unikatniradovinatasa.com\/wp-content\/uploads\/2024\/02\/Logo.jpg","contentUrl":"https:\/\/unikatniradovinatasa.com\/wp-content\/uploads\/2024\/02\/Logo.jpg","width":1850,"height":818,"caption":"unikatni radovi natasa"},"image":{"@id":"https:\/\/unikatniradovinatasa.com\/#\/schema\/logo\/image\/"},"sameAs":["https:\/\/www.facebook.com\/unikatniradovinata\/","https:\/\/www.instagram.com\/unikatni_radovi_natasa\/"]}]}},"_links":{"self":[{"href":"https:\/\/unikatniradovinatasa.com\/index.php\/wp-json\/wp\/v2\/pages\/1062","targetHints":{"allow":["GET"]}}],"collection":[{"href":"https:\/\/unikatniradovinatasa.com\/index.php\/wp-json\/wp\/v2\/pages"}],"about":[{"href":"https:\/\/unikatniradovinatasa.com\/index.php\/wp-json\/wp\/v2\/types\/page"}],"author":[{"embeddable":true,"href":"https:\/\/unikatniradovinatasa.com\/index.php\/wp-json\/wp\/v2\/users\/2"}],"replies":[{"embeddable":true,"href":"https:\/\/unikatniradovinatasa.com\/index.php\/wp-json\/wp\/v2\/comments?post=1062"}],"version-history":[{"count":6,"href":"https:\/\/unikatniradovinatasa.com\/index.php\/wp-json\/wp\/v2\/pages\/1062\/revisions"}],"predecessor-version":[{"id":1127,"href":"https:\/\/unikatniradovinatasa.com\/index.php\/wp-json\/wp\/v2\/pages\/1062\/revisions\/1127"}],"wp:attachment":[{"href":"https:\/\/unikatniradovinatasa.com\/index.php\/wp-json\/wp\/v2\/media?parent=1062"}],"curies":[{"name":"wp","href":"https:\/\/api.w.org\/{rel}","templated":true}]}}