{"id":109,"date":"2024-03-12T20:51:44","date_gmt":"2024-03-12T20:51:44","guid":{"rendered":"https:\/\/unikatniradovinatasa.com\/?page_id=109"},"modified":"2024-06-26T21:48:06","modified_gmt":"2024-06-26T21:48:06","slug":"3d-karte-rodenja","status":"publish","type":"page","link":"https:\/\/unikatniradovinatasa.com\/index.php\/3d-karte-rodenja\/","title":{"rendered":"3D karte ro\u0111enja"},"content":{"rendered":"[et_pb_section fb_built=&#8221;1&#8243; admin_label=&#8221;section&#8221; _builder_version=&#8221;4.25.2&#8243; background_image=&#8221;http:\/\/unikatniradovinatasa.com\/wp-content\/uploads\/2024\/03\/pozadina-sajta-1.jpg&#8221; hover_enabled=&#8221;0&#8243; global_colors_info=&#8221;{}&#8221; custom_padding_last_edited=&#8221;on|tablet&#8221; sticky_enabled=&#8221;0&#8243; custom_padding_tablet=&#8221;0px||0px||false|false&#8221; custom_margin_last_edited=&#8221;on|tablet&#8221; custom_margin_tablet=&#8221;||-490px||false|false&#8221; custom_margin_phone=&#8221;0px||-609px||false|false&#8221; custom_padding_phone=&#8221;0px||0px||false|false&#8221;][et_pb_row admin_label=&#8221;row&#8221; _builder_version=&#8221;4.25.2&#8243; background_size=&#8221;initial&#8221; background_position=&#8221;top_left&#8221; background_repeat=&#8221;repeat&#8221; hover_enabled=&#8221;0&#8243; global_colors_info=&#8221;{}&#8221; custom_padding_last_edited=&#8221;on|phone&#8221; sticky_enabled=&#8221;0&#8243; custom_padding_phone=&#8221;70px||||false|false&#8221;][et_pb_column type=&#8221;4_4&#8243; _builder_version=&#8221;4.16&#8243; custom_padding=&#8221;|||&#8221; global_colors_info=&#8221;{}&#8221; custom_padding__hover=&#8221;|||&#8221;][et_pb_text admin_label=&#8221;Text&#8221; _builder_version=&#8221;4.16&#8243; background_size=&#8221;initial&#8221; background_position=&#8221;top_left&#8221; background_repeat=&#8221;repeat&#8221; global_colors_info=&#8221;{}&#8221;][\/et_pb_text][et_pb_text _builder_version=&#8221;4.25.1&#8243; _module_preset=&#8221;default&#8221; header_font=&#8221;Autour One|600||on|||||&#8221; header_text_align=&#8221;center&#8221; header_text_color=&#8221;#5e4e56&#8243; header_line_height=&#8221;1.2em&#8221; custom_margin=&#8221;|0px||0px|false|true&#8221; custom_margin_tablet=&#8221;|0px||0px|false|true&#8221; custom_margin_phone=&#8221;-58px||||false|true&#8221; custom_margin_last_edited=&#8221;on|phone&#8221; custom_padding=&#8221;0px||||false|false&#8221; header_font_size_tablet=&#8221;31px&#8221; header_font_size_phone=&#8221;18px&#8221; header_font_size_last_edited=&#8221;on|phone&#8221; header_text_shadow_style=&#8221;preset2&#8243; global_colors_info=&#8221;{}&#8221;]<h1>3D de\u010diji ram<\/h1>[\/et_pb_text][\/et_pb_column][\/et_pb_row][et_pb_row column_structure=&#8221;1_2,1_2&#8243; _builder_version=&#8221;4.25.1&#8243; _module_preset=&#8221;default&#8221; custom_margin=&#8221;-10px||||false|false&#8221; custom_margin_tablet=&#8221;-10px||||false|false&#8221; custom_margin_phone=&#8221;-10px||||false|false&#8221; custom_margin_last_edited=&#8221;on|phone&#8221; custom_padding=&#8221;0px||||false|false&#8221; global_colors_info=&#8221;{}&#8221;][et_pb_column type=&#8221;1_2&#8243; _builder_version=&#8221;4.25.1&#8243; _module_preset=&#8221;default&#8221; global_colors_info=&#8221;{}&#8221;][et_pb_text _builder_version=&#8221;4.25.2&#8243; _module_preset=&#8221;default&#8221; text_font=&#8221;Poppins||||||||&#8221; text_text_color=&#8221;#5E4E56&#8243; text_orientation=&#8221;justified&#8221; width=&#8221;152%&#8221; width_tablet=&#8221;96%&#8221; width_phone=&#8221;99%&#8221; width_last_edited=&#8221;on|phone&#8221; custom_margin=&#8221;|-54px||||&#8221; custom_padding=&#8221;|0px|0px|||&#8221; hover_enabled=&#8221;0&#8243; text_font_size_tablet=&#8221;&#8221; text_font_size_phone=&#8221;12px&#8221; text_font_size_last_edited=&#8221;on|phone&#8221; text_orientation_tablet=&#8221;justified&#8221; text_orientation_phone=&#8221;justified&#8221; text_orientation_last_edited=&#8221;on|phone&#8221; global_colors_info=&#8221;{}&#8221; module_alignment=&#8221;center&#8221; sticky_enabled=&#8221;0&#8243;]<div class=\"xdj266r x11i5rnm xat24cr x1mh8g0r x1vvkbs x126k92a\">Izra\u0111ujem predivan i jedinstven 3D de\u010diji ram sa podacima va\u0161eg deteta sa ro\u0111enja. \ud83c\udf1f<\/div>\n<div class=\"xdj266r x11i5rnm xat24cr x1mh8g0r x1vvkbs x126k92a\">Moja misija je da va\u0161e uspomene o\u017eivim na poseban na\u010din i stvorim emotivne ramove koji \u0107e ulep\u0161ati svaki prostor.<\/div>\n<div class=\"x11i5rnm xat24cr x1mh8g0r x1vvkbs xtlvy1s x126k92a\">Svaki moj 3D de\u010diji ram je pa\u017eljivo izra\u0111en sa puno ljubavi i pa\u017enje. Svaki detalj je osmi\u0161ljen da predstavlja poseban trenutak u \u017eivotu va\u0161eg mali\u0161ana. \ud83c\udf88<\/div>\n<div class=\"x11i5rnm xat24cr x1mh8g0r x1vvkbs xtlvy1s x126k92a\">Od datuma ro\u0111enja, vremena, te\u017eine, pa sve do imena &#8211; sve mo\u017ee biti personalizovano prema va\u0161im \u017eeljama.<\/div>\n<div class=\"x11i5rnm xat24cr x1mh8g0r x1vvkbs xtlvy1s x126k92a\">Moji 3D de\u010diji ramovi su pravi unikati, stoga \u0107e va\u0161 dom biti oboga\u0107en jedinstvenim komadom koji pri\u010da pri\u010du o va\u0161oj porodici. \ud83c\udfe1<\/div>\n<div class=\"x11i5rnm xat24cr x1mh8g0r x1vvkbs xtlvy1s x126k92a\">Bilo da \u017eelite da poklonite ove ramove kao uspomenu na ro\u0111enje, ro\u0111endan ili bilo koju drugu posebnu priliku, sigurna sam da \u0107e odu\u0161eviti i vas i va\u0161e najmilije.<\/div>\n<div class=\"x11i5rnm xat24cr x1mh8g0r x1vvkbs xtlvy1s x126k92a\"><\/div>\n<div class=\"x11i5rnm xat24cr x1mh8g0r x1vvkbs xtlvy1s x126k92a\">Tu sam za vas da vam pomognem da stvorite nezaboravne uspomene koje \u0107e trajati \u010ditav \u017eivot.<\/div>\n<div class=\"x11i5rnm xat24cr x1mh8g0r x1vvkbs xtlvy1s x126k92a\">Va\u0161 osmeh i sre\u0107a va\u0161ih mali\u0161ana su moja najve\u0107a inspiracija. \ud83c\udf08\ud83d\udc95<\/div>[\/et_pb_text][\/et_pb_column][et_pb_column type=&#8221;1_2&#8243; _builder_version=&#8221;4.25.1&#8243; _module_preset=&#8221;default&#8221; global_colors_info=&#8221;{}&#8221;][et_pb_image src=&#8221;http:\/\/unikatniradovinatasa.com\/wp-content\/uploads\/2024\/05\/Deciji-ram.jpg&#8221; alt=&#8221;Deciji ram&#8221; title_text=&#8221;Deciji ram&#8221; show_bottom_space=&#8221;off&#8221; _builder_version=&#8221;4.25.1&#8243; _module_preset=&#8221;default&#8221; width=&#8221;40%&#8221; width_tablet=&#8221;32%&#8221; width_phone=&#8221;31%&#8221; width_last_edited=&#8221;on|phone&#8221; max_width_tablet=&#8221;&#8221; max_width_phone=&#8221;&#8221; max_width_last_edited=&#8221;on|phone&#8221; module_alignment=&#8221;right&#8221; min_height_tablet=&#8221;&#8221; min_height_phone=&#8221;&#8221; min_height_last_edited=&#8221;on|phone&#8221; custom_margin_tablet=&#8221;&#8221; custom_margin_phone=&#8221;-12px||21px||false|false&#8221; custom_margin_last_edited=&#8221;on|phone&#8221; custom_padding=&#8221;0px|0px|0px|0px|false|false&#8221; custom_padding_tablet=&#8221;0px|0px|0px|0px|false|false&#8221; custom_padding_phone=&#8221;|0px||0px|false|false&#8221; custom_padding_last_edited=&#8221;on|phone&#8221; module_alignment_tablet=&#8221;center&#8221; module_alignment_phone=&#8221;center&#8221; module_alignment_last_edited=&#8221;on|tablet&#8221; global_colors_info=&#8221;{}&#8221;][\/et_pb_image][\/et_pb_column][\/et_pb_row][et_pb_row _builder_version=&#8221;4.25.1&#8243; _module_preset=&#8221;default&#8221; width_tablet=&#8221;&#8221; width_phone=&#8221;55%&#8221; width_last_edited=&#8221;on|phone&#8221; module_alignment_tablet=&#8221;&#8221; module_alignment_phone=&#8221;center&#8221; module_alignment_last_edited=&#8221;on|phone&#8221; global_colors_info=&#8221;{}&#8221;][et_pb_column type=&#8221;4_4&#8243; _builder_version=&#8221;4.25.1&#8243; _module_preset=&#8221;default&#8221; global_colors_info=&#8221;{}&#8221;][et_pb_text _builder_version=&#8221;4.25.1&#8243; _module_preset=&#8221;default&#8221; text_font=&#8221;Poppins|600|||||||&#8221; text_text_color=&#8221;#5E4E56&#8243; text_font_size=&#8221;20px&#8221; header_font=&#8221;Autour One|600||on|||||&#8221; header_text_align=&#8221;center&#8221; header_text_color=&#8221;#5e4e56&#8243; width_tablet=&#8221;&#8221; width_phone=&#8221;&#8221; width_last_edited=&#8221;on|phone&#8221; custom_margin=&#8221;||-24px||false|false&#8221; custom_margin_tablet=&#8221;||-24px||false|false&#8221; custom_margin_phone=&#8221;-58px||||false|true&#8221; custom_margin_last_edited=&#8221;on|phone&#8221; custom_padding=&#8221;0px||||false|false&#8221; text_font_size_tablet=&#8221;20px&#8221; text_font_size_phone=&#8221;16px&#8221; text_font_size_last_edited=&#8221;on|phone&#8221; header_font_size_tablet=&#8221;31px&#8221; header_font_size_phone=&#8221;20px&#8221; header_font_size_last_edited=&#8221;on|phone&#8221; header_text_shadow_style=&#8221;preset2&#8243; global_colors_info=&#8221;{}&#8221;]<h1>modele pozadina<\/h1>\n<p style=\"text-align: center;\">pogledajte ovde<\/p>[\/et_pb_text][et_pb_image src=&#8221;http:\/\/unikatniradovinatasa.com\/wp-content\/uploads\/2024\/05\/222.png&#8221; title_text=&#8221;222&#8243; _builder_version=&#8221;4.25.1&#8243; _module_preset=&#8221;default&#8221; width=&#8221;20%&#8221; width_tablet=&#8221;45%&#8221; width_phone=&#8221;90%&#8221; width_last_edited=&#8221;on|phone&#8221; module_alignment=&#8221;center&#8221; custom_margin=&#8221;56px||-31px||false|false&#8221; global_colors_info=&#8221;{}&#8221;][\/et_pb_image][\/et_pb_column][\/et_pb_row][et_pb_row column_structure=&#8221;1_2,1_2&#8243; _builder_version=&#8221;4.25.1&#8243; _module_preset=&#8221;default&#8221; global_colors_info=&#8221;{}&#8221;][et_pb_column type=&#8221;1_2&#8243; _builder_version=&#8221;4.24.2&#8243; _module_preset=&#8221;default&#8221; global_colors_info=&#8221;{}&#8221;][et_pb_button button_url=&#8221;https:\/\/unikatniradovinatasa.com\/index.php\/devojcice-pozadine\/&#8221; button_text=&#8221;Devoj\u010dice&#8221; button_alignment=&#8221;center&#8221; _builder_version=&#8221;4.25.1&#8243; _module_preset=&#8221;default&#8221; custom_button=&#8221;on&#8221; button_text_size=&#8221;16px&#8221; button_text_color=&#8221;#FFFFFF&#8221; button_bg_color=&#8221;#EE92C2&#8243; button_border_width=&#8221;0px&#8221; button_border_color=&#8221;RGBA(255,255,255,0)&#8221; button_border_radius=&#8221;20px&#8221; button_letter_spacing=&#8221;0px&#8221; button_font=&#8221;Poppins|700|||||||&#8221; button_icon_color=&#8221;#5E4E56&#8243; custom_margin=&#8221;|||416px|false|false&#8221; custom_margin_tablet=&#8221;|||-148px|false|false&#8221; custom_margin_phone=&#8221;|||-116px|false|false&#8221; custom_margin_last_edited=&#8221;on|desktop&#8221; custom_padding_tablet=&#8221;&#8221; custom_padding_phone=&#8221;&#8221; custom_padding_last_edited=&#8221;on|desktop&#8221; animation_style=&#8221;slide&#8221; animation_duration=&#8221;1450ms&#8221; button_text_size_tablet=&#8221;16px&#8221; button_text_size_phone=&#8221;15px&#8221; button_text_size_last_edited=&#8221;on|phone&#8221; box_shadow_style=&#8221;preset3&#8243; box_shadow_vertical=&#8221;10px&#8221; box_shadow_blur=&#8221;8px&#8221; global_colors_info=&#8221;{}&#8221;][\/et_pb_button][\/et_pb_column][et_pb_column type=&#8221;1_2&#8243; _builder_version=&#8221;4.24.2&#8243; _module_preset=&#8221;default&#8221; global_colors_info=&#8221;{}&#8221;][et_pb_button button_url=&#8221;https:\/\/unikatniradovinatasa.com\/index.php\/modeli-pozadina-za-decake\/&#8221; button_text=&#8221;De\u010daci&#8221; button_alignment=&#8221;left&#8221; button_alignment_tablet=&#8221;left&#8221; button_alignment_phone=&#8221;left&#8221; button_alignment_last_edited=&#8221;on|desktop&#8221; _builder_version=&#8221;4.25.1&#8243; _module_preset=&#8221;default&#8221; custom_button=&#8221;on&#8221; button_text_size=&#8221;16px&#8221; button_text_color=&#8221;#FFFFFF&#8221; button_bg_color=&#8221;#5c95ce&#8221; button_border_width=&#8221;0px&#8221; button_border_color=&#8221;RGBA(255,255,255,0)&#8221; button_border_radius=&#8221;20px&#8221; button_letter_spacing=&#8221;0px&#8221; button_font=&#8221;Poppins|700|||||||&#8221; button_icon_color=&#8221;#5E4E56&#8243; custom_margin=&#8221;|||2px|false|false&#8221; custom_margin_tablet=&#8221;-66px|308px||360px|false|false&#8221; custom_margin_phone=&#8221;|308px||188px|false|false&#8221; custom_margin_last_edited=&#8221;on|desktop&#8221; animation_style=&#8221;slide&#8221; animation_duration=&#8221;1450ms&#8221; button_text_size_tablet=&#8221;16px&#8221; button_text_size_phone=&#8221;15px&#8221; button_text_size_last_edited=&#8221;on|phone&#8221; box_shadow_style=&#8221;preset3&#8243; box_shadow_vertical=&#8221;10px&#8221; box_shadow_blur=&#8221;8px&#8221; global_colors_info=&#8221;{}&#8221;][\/et_pb_button][\/et_pb_column][\/et_pb_row][et_pb_row use_custom_gutter=&#8221;on&#8221; gutter_width=&#8221;1&#8243; make_equal=&#8221;on&#8221; _builder_version=&#8221;4.25.2&#8243; _module_preset=&#8221;default&#8221; width=&#8221;100%&#8221; width_tablet=&#8221;90%&#8221; width_phone=&#8221;80%&#8221; width_last_edited=&#8221;on|phone&#8221; module_alignment=&#8221;center&#8221; height=&#8221;1000px&#8221; max_height=&#8221;1000px&#8221; custom_margin_tablet=&#8221;||490px||false|false&#8221; custom_margin_phone=&#8221;&#8221; custom_margin_last_edited=&#8221;on|tablet&#8221; custom_padding=&#8221;0px||||false|false&#8221; hover_enabled=&#8221;0&#8243; global_colors_info=&#8221;{}&#8221; sticky_enabled=&#8221;0&#8243;][et_pb_column type=&#8221;4_4&#8243; _builder_version=&#8221;4.25.1&#8243; _module_preset=&#8221;default&#8221; global_colors_info=&#8221;{}&#8221;][et_pb_gallery gallery_ids=&#8221;409,410,411,412,413,414,415,416,417,418,419,420,421,422,424,425,426,427,428,429,430,431,432,433,434,435,436,437,438,439,440,441,442,443,444,445&#8243; posts_number=&#8221;12&#8243; show_title_and_caption=&#8221;off&#8221; zoom_icon_color=&#8221;#FFFFFF&#8221; hover_overlay_color=&#8221;rgba(94,50,73,0.3)&#8221; hover_icon=&#8221;&#xe005;||divi||400&#8243; module_class=&#8221;gal-width&#8221; _builder_version=&#8221;4.25.2&#8243; _module_preset=&#8221;default&#8221; width=&#8221;100%&#8221; width_tablet=&#8221;100%&#8221; width_phone=&#8221;100%&#8221; width_last_edited=&#8221;on|phone&#8221; max_width=&#8221;100%&#8221; min_height=&#8221;1000px&#8221; height=&#8221;1000px&#8221; max_height=&#8221;1000px&#8221; custom_padding=&#8221;||0px|||&#8221; child_filter_contrast=&#8221;106%&#8221; hover_enabled=&#8221;0&#8243; global_colors_info=&#8221;{}&#8221; sticky_enabled=&#8221;0&#8243; border_width_all=&#8221;6px&#8221; border_color_all=&#8221;rgba(255,255,255,0)&#8221;][\/et_pb_gallery][et_pb_text _builder_version=&#8221;4.25.2&#8243; _module_preset=&#8221;default&#8221; header_font=&#8221;Autour One|600||on|||||&#8221; header_text_align=&#8221;center&#8221; header_text_color=&#8221;#5e4e56&#8243; header_line_height=&#8221;1.2em&#8221; custom_margin=&#8221;-320px|0px||0px|false|true&#8221; custom_margin_tablet=&#8221;-546px|0px|9px|0px|false|true&#8221; custom_margin_phone=&#8221;-229px|0px|5px|0px|false|true&#8221; custom_margin_last_edited=&#8221;on|phone&#8221; custom_padding_tablet=&#8221;3px||1px||false|false&#8221; custom_padding_phone=&#8221;3px||1px||false|false&#8221; custom_padding_last_edited=&#8221;on|tablet&#8221; hover_enabled=&#8221;0&#8243; header_font_size_tablet=&#8221;31px&#8221; header_font_size_phone=&#8221;18px&#8221; header_font_size_last_edited=&#8221;on|phone&#8221; header_text_shadow_style=&#8221;preset2&#8243; global_colors_info=&#8221;{}&#8221; custom_padding=&#8221;0px||||false|false&#8221; sticky_enabled=&#8221;0&#8243;]<h1>Blizanci<\/h1>[\/et_pb_text][et_pb_gallery gallery_ids=&#8221;447,448,449,450&#8243; show_title_and_caption=&#8221;off&#8221; zoom_icon_color=&#8221;#FFFFFF&#8221; hover_overlay_color=&#8221;rgba(94,61,75,0.33)&#8221; hover_icon=&#8221;&#xe005;||divi||400&#8243; _builder_version=&#8221;4.25.2&#8243; _module_preset=&#8221;default&#8221; child_filter_contrast=&#8221;106%&#8221; hover_enabled=&#8221;0&#8243; global_colors_info=&#8221;{}&#8221; border_width_all_image=&#8221;6px&#8221; border_color_all_image=&#8221;rgba(255,255,255,0)&#8221; sticky_enabled=&#8221;0&#8243; custom_css_gallery_item=&#8221;\/** Desktop **\/||@media (min-width: 981px){||.gal-width .et_pb_gallery_item {||width: 25% !important; \/*six columns*\/||clear: none !important;||}||}|| ||\/** Tablet **\/||@media (max-width: 768px){||.gal-width .et_pb_gallery_item {||width: 25% !important; \/*four columns*\/||clear: none !important;||}||}|| ||\/** Small Tablet and Large Phone **\/||@media (max-width: 600px){||.gal-width .et_pb_gallery_item {||width: 33.33% !important; \/*three columns*\/||clear: none !important;||}||}|| ||\/** Phone **\/||@media (max-width: 400px){||.gal-width .et_pb_gallery_item {||width: 50% !important; \/*two columns*\/||clear: none !important;||}||}&#8221; module_class=&#8221;gal-width&#8221;][\/et_pb_gallery][\/et_pb_column][\/et_pb_row][\/et_pb_section]","protected":false},"excerpt":{"rendered":"<p>3D de\u010diji ramIzra\u0111ujem predivan i jedinstven 3D de\u010diji ram sa podacima va\u0161eg deteta sa ro\u0111enja. \ud83c\udf1f Moja misija je da va\u0161e uspomene o\u017eivim na poseban na\u010din i stvorim emotivne ramove koji \u0107e ulep\u0161ati svaki prostor. Svaki moj 3D de\u010diji ram je pa\u017eljivo izra\u0111en sa puno ljubavi i pa\u017enje. Svaki detalj je osmi\u0161ljen da predstavlja poseban [&hellip;]<\/p>\n","protected":false},"author":2,"featured_media":0,"parent":0,"menu_order":0,"comment_status":"closed","ping_status":"closed","template":"","meta":{"_et_pb_use_builder":"on","_et_pb_old_content":"<!-- wp:divi\/placeholder \/-->","_et_gb_content_width":"","footnotes":""},"class_list":["post-109","page","type-page","status-publish","hentry"],"yoast_head":"<!-- This site is optimized with the Yoast SEO plugin v26.1.1 - https:\/\/yoast.com\/wordpress\/plugins\/seo\/ -->\n<title>3D karte ro\u0111enja - Unikatni radovi Natasa<\/title>\n<meta name=\"robots\" content=\"index, follow, max-snippet:-1, max-image-preview:large, max-video-preview:-1\" \/>\n<link rel=\"canonical\" href=\"https:\/\/unikatniradovinatasa.com\/index.php\/3d-karte-rodenja\/\" \/>\n<meta property=\"og:locale\" content=\"en_US\" \/>\n<meta property=\"og:type\" content=\"article\" \/>\n<meta property=\"og:title\" content=\"3D karte ro\u0111enja - Unikatni radovi Natasa\" \/>\n<meta property=\"og:description\" content=\"3D de\u010diji ramIzra\u0111ujem predivan i jedinstven 3D de\u010diji ram sa podacima va\u0161eg deteta sa ro\u0111enja. \ud83c\udf1f Moja misija je da va\u0161e uspomene o\u017eivim na poseban na\u010din i stvorim emotivne ramove koji \u0107e ulep\u0161ati svaki prostor. Svaki moj 3D de\u010diji ram je pa\u017eljivo izra\u0111en sa puno ljubavi i pa\u017enje. Svaki detalj je osmi\u0161ljen da predstavlja poseban [&hellip;]\" \/>\n<meta property=\"og:url\" content=\"https:\/\/unikatniradovinatasa.com\/index.php\/3d-karte-rodenja\/\" \/>\n<meta property=\"og:site_name\" content=\"Unikatni radovi Natasa\" \/>\n<meta property=\"article:publisher\" content=\"https:\/\/www.facebook.com\/unikatniradovinata\/\" \/>\n<meta property=\"article:modified_time\" content=\"2024-06-26T21:48:06+00:00\" \/>\n<meta name=\"twitter:card\" content=\"summary_large_image\" \/>\n<meta name=\"twitter:label1\" content=\"Est. reading time\" \/>\n\t<meta name=\"twitter:data1\" content=\"8 minutes\" \/>\n<script type=\"application\/ld+json\" class=\"yoast-schema-graph\">{\"@context\":\"https:\/\/schema.org\",\"@graph\":[{\"@type\":\"WebPage\",\"@id\":\"https:\/\/unikatniradovinatasa.com\/index.php\/3d-karte-rodenja\/\",\"url\":\"https:\/\/unikatniradovinatasa.com\/index.php\/3d-karte-rodenja\/\",\"name\":\"3D karte ro\u0111enja - Unikatni radovi Natasa\",\"isPartOf\":{\"@id\":\"https:\/\/unikatniradovinatasa.com\/#website\"},\"datePublished\":\"2024-03-12T20:51:44+00:00\",\"dateModified\":\"2024-06-26T21:48:06+00:00\",\"breadcrumb\":{\"@id\":\"https:\/\/unikatniradovinatasa.com\/index.php\/3d-karte-rodenja\/#breadcrumb\"},\"inLanguage\":\"en-US\",\"potentialAction\":[{\"@type\":\"ReadAction\",\"target\":[\"https:\/\/unikatniradovinatasa.com\/index.php\/3d-karte-rodenja\/\"]}]},{\"@type\":\"BreadcrumbList\",\"@id\":\"https:\/\/unikatniradovinatasa.com\/index.php\/3d-karte-rodenja\/#breadcrumb\",\"itemListElement\":[{\"@type\":\"ListItem\",\"position\":1,\"name\":\"Home\",\"item\":\"https:\/\/unikatniradovinatasa.com\/\"},{\"@type\":\"ListItem\",\"position\":2,\"name\":\"3D karte ro\u0111enja\"}]},{\"@type\":\"WebSite\",\"@id\":\"https:\/\/unikatniradovinatasa.com\/#website\",\"url\":\"https:\/\/unikatniradovinatasa.com\/\",\"name\":\"Rucni radovi\",\"description\":\"Ru\u010dni radovi\",\"publisher\":{\"@id\":\"https:\/\/unikatniradovinatasa.com\/#organization\"},\"potentialAction\":[{\"@type\":\"SearchAction\",\"target\":{\"@type\":\"EntryPoint\",\"urlTemplate\":\"https:\/\/unikatniradovinatasa.com\/?s={search_term_string}\"},\"query-input\":{\"@type\":\"PropertyValueSpecification\",\"valueRequired\":true,\"valueName\":\"search_term_string\"}}],\"inLanguage\":\"en-US\"},{\"@type\":\"Organization\",\"@id\":\"https:\/\/unikatniradovinatasa.com\/#organization\",\"name\":\"unikatni radovi natasa\",\"url\":\"https:\/\/unikatniradovinatasa.com\/\",\"logo\":{\"@type\":\"ImageObject\",\"inLanguage\":\"en-US\",\"@id\":\"https:\/\/unikatniradovinatasa.com\/#\/schema\/logo\/image\/\",\"url\":\"https:\/\/unikatniradovinatasa.com\/wp-content\/uploads\/2024\/02\/Logo.jpg\",\"contentUrl\":\"https:\/\/unikatniradovinatasa.com\/wp-content\/uploads\/2024\/02\/Logo.jpg\",\"width\":1850,\"height\":818,\"caption\":\"unikatni radovi natasa\"},\"image\":{\"@id\":\"https:\/\/unikatniradovinatasa.com\/#\/schema\/logo\/image\/\"},\"sameAs\":[\"https:\/\/www.facebook.com\/unikatniradovinata\/\",\"https:\/\/www.instagram.com\/unikatni_radovi_natasa\/\"]}]}<\/script>\n<!-- \/ Yoast SEO plugin. -->","yoast_head_json":{"title":"3D karte ro\u0111enja - Unikatni radovi Natasa","robots":{"index":"index","follow":"follow","max-snippet":"max-snippet:-1","max-image-preview":"max-image-preview:large","max-video-preview":"max-video-preview:-1"},"canonical":"https:\/\/unikatniradovinatasa.com\/index.php\/3d-karte-rodenja\/","og_locale":"en_US","og_type":"article","og_title":"3D karte ro\u0111enja - Unikatni radovi Natasa","og_description":"3D de\u010diji ramIzra\u0111ujem predivan i jedinstven 3D de\u010diji ram sa podacima va\u0161eg deteta sa ro\u0111enja. \ud83c\udf1f Moja misija je da va\u0161e uspomene o\u017eivim na poseban na\u010din i stvorim emotivne ramove koji \u0107e ulep\u0161ati svaki prostor. Svaki moj 3D de\u010diji ram je pa\u017eljivo izra\u0111en sa puno ljubavi i pa\u017enje. Svaki detalj je osmi\u0161ljen da predstavlja poseban [&hellip;]","og_url":"https:\/\/unikatniradovinatasa.com\/index.php\/3d-karte-rodenja\/","og_site_name":"Unikatni radovi Natasa","article_publisher":"https:\/\/www.facebook.com\/unikatniradovinata\/","article_modified_time":"2024-06-26T21:48:06+00:00","twitter_card":"summary_large_image","twitter_misc":{"Est. reading time":"8 minutes"},"schema":{"@context":"https:\/\/schema.org","@graph":[{"@type":"WebPage","@id":"https:\/\/unikatniradovinatasa.com\/index.php\/3d-karte-rodenja\/","url":"https:\/\/unikatniradovinatasa.com\/index.php\/3d-karte-rodenja\/","name":"3D karte ro\u0111enja - Unikatni radovi Natasa","isPartOf":{"@id":"https:\/\/unikatniradovinatasa.com\/#website"},"datePublished":"2024-03-12T20:51:44+00:00","dateModified":"2024-06-26T21:48:06+00:00","breadcrumb":{"@id":"https:\/\/unikatniradovinatasa.com\/index.php\/3d-karte-rodenja\/#breadcrumb"},"inLanguage":"en-US","potentialAction":[{"@type":"ReadAction","target":["https:\/\/unikatniradovinatasa.com\/index.php\/3d-karte-rodenja\/"]}]},{"@type":"BreadcrumbList","@id":"https:\/\/unikatniradovinatasa.com\/index.php\/3d-karte-rodenja\/#breadcrumb","itemListElement":[{"@type":"ListItem","position":1,"name":"Home","item":"https:\/\/unikatniradovinatasa.com\/"},{"@type":"ListItem","position":2,"name":"3D karte ro\u0111enja"}]},{"@type":"WebSite","@id":"https:\/\/unikatniradovinatasa.com\/#website","url":"https:\/\/unikatniradovinatasa.com\/","name":"Rucni radovi","description":"Ru\u010dni radovi","publisher":{"@id":"https:\/\/unikatniradovinatasa.com\/#organization"},"potentialAction":[{"@type":"SearchAction","target":{"@type":"EntryPoint","urlTemplate":"https:\/\/unikatniradovinatasa.com\/?s={search_term_string}"},"query-input":{"@type":"PropertyValueSpecification","valueRequired":true,"valueName":"search_term_string"}}],"inLanguage":"en-US"},{"@type":"Organization","@id":"https:\/\/unikatniradovinatasa.com\/#organization","name":"unikatni radovi natasa","url":"https:\/\/unikatniradovinatasa.com\/","logo":{"@type":"ImageObject","inLanguage":"en-US","@id":"https:\/\/unikatniradovinatasa.com\/#\/schema\/logo\/image\/","url":"https:\/\/unikatniradovinatasa.com\/wp-content\/uploads\/2024\/02\/Logo.jpg","contentUrl":"https:\/\/unikatniradovinatasa.com\/wp-content\/uploads\/2024\/02\/Logo.jpg","width":1850,"height":818,"caption":"unikatni radovi natasa"},"image":{"@id":"https:\/\/unikatniradovinatasa.com\/#\/schema\/logo\/image\/"},"sameAs":["https:\/\/www.facebook.com\/unikatniradovinata\/","https:\/\/www.instagram.com\/unikatni_radovi_natasa\/"]}]}},"_links":{"self":[{"href":"https:\/\/unikatniradovinatasa.com\/index.php\/wp-json\/wp\/v2\/pages\/109","targetHints":{"allow":["GET"]}}],"collection":[{"href":"https:\/\/unikatniradovinatasa.com\/index.php\/wp-json\/wp\/v2\/pages"}],"about":[{"href":"https:\/\/unikatniradovinatasa.com\/index.php\/wp-json\/wp\/v2\/types\/page"}],"author":[{"embeddable":true,"href":"https:\/\/unikatniradovinatasa.com\/index.php\/wp-json\/wp\/v2\/users\/2"}],"replies":[{"embeddable":true,"href":"https:\/\/unikatniradovinatasa.com\/index.php\/wp-json\/wp\/v2\/comments?post=109"}],"version-history":[{"count":32,"href":"https:\/\/unikatniradovinatasa.com\/index.php\/wp-json\/wp\/v2\/pages\/109\/revisions"}],"predecessor-version":[{"id":837,"href":"https:\/\/unikatniradovinatasa.com\/index.php\/wp-json\/wp\/v2\/pages\/109\/revisions\/837"}],"wp:attachment":[{"href":"https:\/\/unikatniradovinatasa.com\/index.php\/wp-json\/wp\/v2\/media?parent=109"}],"curies":[{"name":"wp","href":"https:\/\/api.w.org\/{rel}","templated":true}]}}