{"id":117,"date":"2024-03-12T20:53:26","date_gmt":"2024-03-12T20:53:26","guid":{"rendered":"https:\/\/unikatniradovinatasa.com\/?page_id=117"},"modified":"2025-04-26T11:06:05","modified_gmt":"2025-04-26T11:06:05","slug":"prskalice-za-decije-rodendane","status":"publish","type":"page","link":"https:\/\/unikatniradovinatasa.com\/index.php\/prskalice-za-decije-rodendane\/","title":{"rendered":"Prskalice za de\u010dije ro\u0111endane"},"content":{"rendered":"<p>[et_pb_section fb_built=&#8221;1&#8243; _builder_version=&#8221;4.25.1&#8243; _module_preset=&#8221;default&#8221; global_colors_info=&#8221;{}&#8221;][et_pb_row _builder_version=&#8221;4.25.1&#8243; _module_preset=&#8221;default&#8221; global_colors_info=&#8221;{}&#8221;][et_pb_column type=&#8221;4_4&#8243; _builder_version=&#8221;4.25.1&#8243; _module_preset=&#8221;default&#8221; global_colors_info=&#8221;{}&#8221;][et_pb_text _builder_version=&#8221;4.25.1&#8243; _module_preset=&#8221;default&#8221; header_font=&#8221;Autour One|600||on|||||&#8221; header_text_align=&#8221;center&#8221; header_text_color=&#8221;#5e4e56&#8243; header_line_height=&#8221;1.2em&#8221; custom_margin=&#8221;|0px||0px|false|true&#8221; custom_margin_tablet=&#8221;|0px||0px|false|true&#8221; custom_margin_phone=&#8221;-58px||||false|true&#8221; custom_margin_last_edited=&#8221;on|phone&#8221; custom_padding=&#8221;0px||||false|false&#8221; header_font_size_tablet=&#8221;31px&#8221; header_font_size_phone=&#8221;18px&#8221; header_font_size_last_edited=&#8221;on|phone&#8221; header_text_shadow_style=&#8221;preset2&#8243; global_colors_info=&#8221;{}&#8221;]<\/p>\n<h1>PRSKALICE ZA de\u010dije ro\u0111endane<\/h1>\n<p>[\/et_pb_text][et_pb_text _builder_version=&#8221;4.26.0&#8243; _module_preset=&#8221;default&#8221; text_font=&#8221;Poppins||||||||&#8221; text_text_color=&#8221;#5E4E56&#8243; global_colors_info=&#8221;{}&#8221;]<\/p>\n<p>Proslava de\u010dijeg ro\u0111endana je poseban trenutak ispunjen rado\u0161\u0107u, smehom i nezaboravnim uspomenama. Kao roditelji, uvek te\u017eimo da stvorimo savr\u0161enu atmosferu koja \u0107e obradovati na\u0161e mali\u0161ane i njihove goste. U potrazi za onim posebnim detaljima koji \u0107e u\u010diniti proslavu jedinstvenom i magi\u010dnom, predstavljam vam moje ekskluzivne zahvalnice sa prskalicama \u2013 idealan dodatak koji \u0107e uneti svetlucavu \u010daroliju u svaki ro\u0111endan.<\/p>\n<p>Zamislite trenutak kada torta ulazi u prostoriju, o\u010di svih mali\u0161ana blistaju od i\u0161\u010dekivanja, a gosti, sa zahvalnicama u rukama, pale prskalice koje osvetljavaju prostor sa prelepim svetlucavim efektom. Ovaj \u010darobni trenutak postaje centralni deo proslave, stvara nezaboravnu atmosferu i donosi radost svakom detetu. Moje zahvalnice sa prskalicama nisu samo obi\u010dni papirni dodaci, ve\u0107 pravo umetni\u010dko delo koje spaja estetsku vrednost i funkcionalnost.<\/p>\n<p>[\/et_pb_text][\/et_pb_column][\/et_pb_row][et_pb_row use_custom_gutter=&#8221;on&#8221; gutter_width=&#8221;1&#8243; module_class=&#8221;wpz-gallery-masonry&#8221; _builder_version=&#8221;4.26.0&#8243; _module_preset=&#8221;default&#8221; width=&#8221;100%&#8221; width_tablet=&#8221;100%&#8221; width_phone=&#8221;97%&#8221; width_last_edited=&#8221;on|phone&#8221; module_alignment=&#8221;center&#8221; global_colors_info=&#8221;{}&#8221;][et_pb_column type=&#8221;4_4&#8243; _builder_version=&#8221;4.26.0&#8243; _module_preset=&#8221;default&#8221; global_colors_info=&#8221;{}&#8221;][et_pb_gallery gallery_ids=&#8221;976,977,978,979,980&#8243; posts_number=&#8221;5&#8243; orientation=&#8221;portrait&#8221; show_title_and_caption=&#8221;off&#8221; show_pagination=&#8221;off&#8221; zoom_icon_color=&#8221;#FFFFFF&#8221; _builder_version=&#8221;4.26.0&#8243; _module_preset=&#8221;default&#8221; custom_margin_tablet=&#8221;|20px||20px|false|true&#8221; custom_margin_phone=&#8221;-22px|15px|27px|15px|false|true&#8221; custom_margin_last_edited=&#8221;on|phone&#8221; border_width_all_image=&#8221;0px&#8221; border_color_all_image=&#8221;rgba(255,255,255,0)&#8221; global_colors_info=&#8221;{}&#8221;][\/et_pb_gallery][\/et_pb_column][\/et_pb_row][et_pb_row _builder_version=&#8221;4.25.1&#8243; _module_preset=&#8221;default&#8221; global_colors_info=&#8221;{}&#8221;][et_pb_column type=&#8221;4_4&#8243; _builder_version=&#8221;4.25.1&#8243; _module_preset=&#8221;default&#8221; global_colors_info=&#8221;{}&#8221;][et_pb_text _builder_version=&#8221;4.25.1&#8243; _module_preset=&#8221;default&#8221; text_font=&#8221;Poppins|600|||||||&#8221; text_text_color=&#8221;#5E4E56&#8243; text_font_size=&#8221;20px&#8221; header_font=&#8221;Autour One|600||on|||||&#8221; header_text_align=&#8221;center&#8221; header_text_color=&#8221;#5e4e56&#8243; width_tablet=&#8221;&#8221; width_phone=&#8221;&#8221; width_last_edited=&#8221;on|phone&#8221; custom_margin=&#8221;||-24px||false|false&#8221; custom_margin_tablet=&#8221;||-24px||false|false&#8221; custom_margin_phone=&#8221;-58px||||false|true&#8221; custom_margin_last_edited=&#8221;on|phone&#8221; custom_padding=&#8221;0px||||false|false&#8221; text_font_size_tablet=&#8221;20px&#8221; text_font_size_phone=&#8221;16px&#8221; text_font_size_last_edited=&#8221;on|phone&#8221; header_font_size_tablet=&#8221;31px&#8221; header_font_size_phone=&#8221;20px&#8221; header_font_size_last_edited=&#8221;on|phone&#8221; header_text_shadow_style=&#8221;preset2&#8243; global_colors_info=&#8221;{}&#8221;]<\/p>\n<h1>modele prskalica<\/h1>\n<p style=\"text-align: center;\">pogledajte ovde<\/p>\n<p>[\/et_pb_text][\/et_pb_column][\/et_pb_row][et_pb_row _builder_version=&#8221;4.25.1&#8243; _module_preset=&#8221;default&#8221; global_colors_info=&#8221;{}&#8221;][et_pb_column type=&#8221;4_4&#8243; _builder_version=&#8221;4.25.1&#8243; _module_preset=&#8221;default&#8221; global_colors_info=&#8221;{}&#8221;][et_pb_button button_url=&#8221;https:\/\/unikatniradovinatasa.com\/index.php\/prskalice-rodjendani\/&#8221; button_text=&#8221;Ro\u0111endani&#8221; button_alignment=&#8221;center&#8221; _builder_version=&#8221;4.26.0&#8243; _module_preset=&#8221;default&#8221; custom_button=&#8221;on&#8221; button_text_size=&#8221;16px&#8221; button_text_color=&#8221;#FFFFFF&#8221; button_bg_color=&#8221;#EE92C2&#8243; button_border_width=&#8221;0px&#8221; button_border_color=&#8221;RGBA(255,255,255,0)&#8221; button_border_radius=&#8221;20px&#8221; button_letter_spacing=&#8221;0px&#8221; button_font=&#8221;Poppins|700|||||||&#8221; button_icon_color=&#8221;#5E4E56&#8243; animation_style=&#8221;slide&#8221; animation_duration=&#8221;1450ms&#8221; box_shadow_style=&#8221;preset3&#8243; box_shadow_vertical=&#8221;10px&#8221; box_shadow_blur=&#8221;8px&#8221; global_colors_info=&#8221;{}&#8221;][\/et_pb_button][\/et_pb_column][\/et_pb_row][et_pb_row use_custom_gutter=&#8221;on&#8221; gutter_width=&#8221;1&#8243; module_class=&#8221;wpz-gallery-masonry&#8221; _builder_version=&#8221;4.26.0&#8243; _module_preset=&#8221;default&#8221; width=&#8221;100%&#8221; module_alignment=&#8221;center&#8221; global_colors_info=&#8221;{}&#8221;][et_pb_column type=&#8221;4_4&#8243; _builder_version=&#8221;4.25.1&#8243; _module_preset=&#8221;default&#8221; global_colors_info=&#8221;{}&#8221;][et_pb_gallery gallery_ids=&#8221;914,915,916,917,918,919,920,921,922,923&#8243; posts_number=&#8221;10&#8243; orientation=&#8221;portrait&#8221; show_title_and_caption=&#8221;off&#8221; zoom_icon_color=&#8221;#FFFFFF&#8221; hover_overlay_color=&#8221;rgba(94,61,76,0.36)&#8221; hover_icon=&#8221;&#x30;||divi||400&#8243; _builder_version=&#8221;4.27.4&#8243; _module_preset=&#8221;default&#8221; custom_padding=&#8221;|||||true&#8221; custom_padding_tablet=&#8221;|10px||10px|false|true&#8221; custom_padding_phone=&#8221;|10px||10px|false|true&#8221; custom_padding_last_edited=&#8221;on|phone&#8221; hover_enabled=&#8221;0&#8243; border_width_all_image=&#8221;0px&#8221; border_color_all_image=&#8221;rgba(255,255,255,0)&#8221; global_colors_info=&#8221;{}&#8221; sticky_enabled=&#8221;0&#8243;][\/et_pb_gallery][\/et_pb_column][\/et_pb_row][\/et_pb_section][et_pb_section fb_built=&#8221;1&#8243; _builder_version=&#8221;4.26.0&#8243; _module_preset=&#8221;default&#8221; background_image=&#8221;http:\/\/unikatniradovinatasa.com\/wp-content\/uploads\/2024\/07\/Deca-leze-na-krevetu.jpg&#8221; width=&#8221;100%&#8221; width_tablet=&#8221;100%&#8221; width_phone=&#8221;100%&#8221; width_last_edited=&#8221;on|tablet&#8221; max_width=&#8221;100%&#8221; max_width_tablet=&#8221;100%&#8221; max_width_phone=&#8221;100%&#8221; max_width_last_edited=&#8221;on|desktop&#8221; min_height=&#8221;360px&#8221; min_height_tablet=&#8221;360px&#8221; min_height_phone=&#8221;100px&#8221; min_height_last_edited=&#8221;on|phone&#8221; height_tablet=&#8221;&#8221; height_phone=&#8221;&#8221; height_last_edited=&#8221;on|phone&#8221; global_colors_info=&#8221;{}&#8221;][\/et_pb_section]<\/p>\n","protected":false},"excerpt":{"rendered":"<p>PRSKALICE ZA de\u010dije ro\u0111endaneProslava de\u010dijeg ro\u0111endana je poseban trenutak ispunjen rado\u0161\u0107u, smehom i nezaboravnim uspomenama. Kao roditelji, uvek te\u017eimo da stvorimo savr\u0161enu atmosferu koja \u0107e obradovati na\u0161e mali\u0161ane i njihove goste. U potrazi za onim posebnim detaljima koji \u0107e u\u010diniti proslavu jedinstvenom i magi\u010dnom, predstavljam vam moje ekskluzivne zahvalnice sa prskalicama \u2013 idealan dodatak koji [&hellip;]<\/p>\n","protected":false},"author":2,"featured_media":0,"parent":0,"menu_order":0,"comment_status":"closed","ping_status":"closed","template":"","meta":{"_et_pb_use_builder":"on","_et_pb_old_content":"","_et_gb_content_width":"","footnotes":""},"class_list":["post-117","page","type-page","status-publish","hentry"],"yoast_head":"<!-- This site is optimized with the Yoast SEO plugin v26.1.1 - https:\/\/yoast.com\/wordpress\/plugins\/seo\/ -->\n<title>Prskalice za de\u010dije ro\u0111endane - Unikatni radovi Natasa<\/title>\n<meta name=\"robots\" content=\"index, follow, max-snippet:-1, max-image-preview:large, max-video-preview:-1\" \/>\n<link rel=\"canonical\" href=\"https:\/\/unikatniradovinatasa.com\/index.php\/prskalice-za-decije-rodendane\/\" \/>\n<meta property=\"og:locale\" content=\"en_US\" \/>\n<meta property=\"og:type\" content=\"article\" \/>\n<meta property=\"og:title\" content=\"Prskalice za de\u010dije ro\u0111endane - Unikatni radovi Natasa\" \/>\n<meta property=\"og:description\" content=\"PRSKALICE ZA de\u010dije ro\u0111endaneProslava de\u010dijeg ro\u0111endana je poseban trenutak ispunjen rado\u0161\u0107u, smehom i nezaboravnim uspomenama. Kao roditelji, uvek te\u017eimo da stvorimo savr\u0161enu atmosferu koja \u0107e obradovati na\u0161e mali\u0161ane i njihove goste. U potrazi za onim posebnim detaljima koji \u0107e u\u010diniti proslavu jedinstvenom i magi\u010dnom, predstavljam vam moje ekskluzivne zahvalnice sa prskalicama \u2013 idealan dodatak koji [&hellip;]\" \/>\n<meta property=\"og:url\" content=\"https:\/\/unikatniradovinatasa.com\/index.php\/prskalice-za-decije-rodendane\/\" \/>\n<meta property=\"og:site_name\" content=\"Unikatni radovi Natasa\" \/>\n<meta property=\"article:publisher\" content=\"https:\/\/www.facebook.com\/unikatniradovinata\/\" \/>\n<meta property=\"article:modified_time\" content=\"2025-04-26T11:06:05+00:00\" \/>\n<meta name=\"twitter:card\" content=\"summary_large_image\" \/>\n<meta name=\"twitter:label1\" content=\"Est. reading time\" \/>\n\t<meta name=\"twitter:data1\" content=\"4 minutes\" \/>\n<script type=\"application\/ld+json\" class=\"yoast-schema-graph\">{\"@context\":\"https:\/\/schema.org\",\"@graph\":[{\"@type\":\"WebPage\",\"@id\":\"https:\/\/unikatniradovinatasa.com\/index.php\/prskalice-za-decije-rodendane\/\",\"url\":\"https:\/\/unikatniradovinatasa.com\/index.php\/prskalice-za-decije-rodendane\/\",\"name\":\"Prskalice za de\u010dije ro\u0111endane - Unikatni radovi Natasa\",\"isPartOf\":{\"@id\":\"https:\/\/unikatniradovinatasa.com\/#website\"},\"datePublished\":\"2024-03-12T20:53:26+00:00\",\"dateModified\":\"2025-04-26T11:06:05+00:00\",\"breadcrumb\":{\"@id\":\"https:\/\/unikatniradovinatasa.com\/index.php\/prskalice-za-decije-rodendane\/#breadcrumb\"},\"inLanguage\":\"en-US\",\"potentialAction\":[{\"@type\":\"ReadAction\",\"target\":[\"https:\/\/unikatniradovinatasa.com\/index.php\/prskalice-za-decije-rodendane\/\"]}]},{\"@type\":\"BreadcrumbList\",\"@id\":\"https:\/\/unikatniradovinatasa.com\/index.php\/prskalice-za-decije-rodendane\/#breadcrumb\",\"itemListElement\":[{\"@type\":\"ListItem\",\"position\":1,\"name\":\"Home\",\"item\":\"https:\/\/unikatniradovinatasa.com\/\"},{\"@type\":\"ListItem\",\"position\":2,\"name\":\"Prskalice za de\u010dije ro\u0111endane\"}]},{\"@type\":\"WebSite\",\"@id\":\"https:\/\/unikatniradovinatasa.com\/#website\",\"url\":\"https:\/\/unikatniradovinatasa.com\/\",\"name\":\"Rucni radovi\",\"description\":\"Ru\u010dni radovi\",\"publisher\":{\"@id\":\"https:\/\/unikatniradovinatasa.com\/#organization\"},\"potentialAction\":[{\"@type\":\"SearchAction\",\"target\":{\"@type\":\"EntryPoint\",\"urlTemplate\":\"https:\/\/unikatniradovinatasa.com\/?s={search_term_string}\"},\"query-input\":{\"@type\":\"PropertyValueSpecification\",\"valueRequired\":true,\"valueName\":\"search_term_string\"}}],\"inLanguage\":\"en-US\"},{\"@type\":\"Organization\",\"@id\":\"https:\/\/unikatniradovinatasa.com\/#organization\",\"name\":\"unikatni radovi natasa\",\"url\":\"https:\/\/unikatniradovinatasa.com\/\",\"logo\":{\"@type\":\"ImageObject\",\"inLanguage\":\"en-US\",\"@id\":\"https:\/\/unikatniradovinatasa.com\/#\/schema\/logo\/image\/\",\"url\":\"https:\/\/unikatniradovinatasa.com\/wp-content\/uploads\/2024\/02\/Logo.jpg\",\"contentUrl\":\"https:\/\/unikatniradovinatasa.com\/wp-content\/uploads\/2024\/02\/Logo.jpg\",\"width\":1850,\"height\":818,\"caption\":\"unikatni radovi natasa\"},\"image\":{\"@id\":\"https:\/\/unikatniradovinatasa.com\/#\/schema\/logo\/image\/\"},\"sameAs\":[\"https:\/\/www.facebook.com\/unikatniradovinata\/\",\"https:\/\/www.instagram.com\/unikatni_radovi_natasa\/\"]}]}<\/script>\n<!-- \/ Yoast SEO plugin. -->","yoast_head_json":{"title":"Prskalice za de\u010dije ro\u0111endane - Unikatni radovi Natasa","robots":{"index":"index","follow":"follow","max-snippet":"max-snippet:-1","max-image-preview":"max-image-preview:large","max-video-preview":"max-video-preview:-1"},"canonical":"https:\/\/unikatniradovinatasa.com\/index.php\/prskalice-za-decije-rodendane\/","og_locale":"en_US","og_type":"article","og_title":"Prskalice za de\u010dije ro\u0111endane - Unikatni radovi Natasa","og_description":"PRSKALICE ZA de\u010dije ro\u0111endaneProslava de\u010dijeg ro\u0111endana je poseban trenutak ispunjen rado\u0161\u0107u, smehom i nezaboravnim uspomenama. Kao roditelji, uvek te\u017eimo da stvorimo savr\u0161enu atmosferu koja \u0107e obradovati na\u0161e mali\u0161ane i njihove goste. U potrazi za onim posebnim detaljima koji \u0107e u\u010diniti proslavu jedinstvenom i magi\u010dnom, predstavljam vam moje ekskluzivne zahvalnice sa prskalicama \u2013 idealan dodatak koji [&hellip;]","og_url":"https:\/\/unikatniradovinatasa.com\/index.php\/prskalice-za-decije-rodendane\/","og_site_name":"Unikatni radovi Natasa","article_publisher":"https:\/\/www.facebook.com\/unikatniradovinata\/","article_modified_time":"2025-04-26T11:06:05+00:00","twitter_card":"summary_large_image","twitter_misc":{"Est. reading time":"4 minutes"},"schema":{"@context":"https:\/\/schema.org","@graph":[{"@type":"WebPage","@id":"https:\/\/unikatniradovinatasa.com\/index.php\/prskalice-za-decije-rodendane\/","url":"https:\/\/unikatniradovinatasa.com\/index.php\/prskalice-za-decije-rodendane\/","name":"Prskalice za de\u010dije ro\u0111endane - Unikatni radovi Natasa","isPartOf":{"@id":"https:\/\/unikatniradovinatasa.com\/#website"},"datePublished":"2024-03-12T20:53:26+00:00","dateModified":"2025-04-26T11:06:05+00:00","breadcrumb":{"@id":"https:\/\/unikatniradovinatasa.com\/index.php\/prskalice-za-decije-rodendane\/#breadcrumb"},"inLanguage":"en-US","potentialAction":[{"@type":"ReadAction","target":["https:\/\/unikatniradovinatasa.com\/index.php\/prskalice-za-decije-rodendane\/"]}]},{"@type":"BreadcrumbList","@id":"https:\/\/unikatniradovinatasa.com\/index.php\/prskalice-za-decije-rodendane\/#breadcrumb","itemListElement":[{"@type":"ListItem","position":1,"name":"Home","item":"https:\/\/unikatniradovinatasa.com\/"},{"@type":"ListItem","position":2,"name":"Prskalice za de\u010dije ro\u0111endane"}]},{"@type":"WebSite","@id":"https:\/\/unikatniradovinatasa.com\/#website","url":"https:\/\/unikatniradovinatasa.com\/","name":"Rucni radovi","description":"Ru\u010dni radovi","publisher":{"@id":"https:\/\/unikatniradovinatasa.com\/#organization"},"potentialAction":[{"@type":"SearchAction","target":{"@type":"EntryPoint","urlTemplate":"https:\/\/unikatniradovinatasa.com\/?s={search_term_string}"},"query-input":{"@type":"PropertyValueSpecification","valueRequired":true,"valueName":"search_term_string"}}],"inLanguage":"en-US"},{"@type":"Organization","@id":"https:\/\/unikatniradovinatasa.com\/#organization","name":"unikatni radovi natasa","url":"https:\/\/unikatniradovinatasa.com\/","logo":{"@type":"ImageObject","inLanguage":"en-US","@id":"https:\/\/unikatniradovinatasa.com\/#\/schema\/logo\/image\/","url":"https:\/\/unikatniradovinatasa.com\/wp-content\/uploads\/2024\/02\/Logo.jpg","contentUrl":"https:\/\/unikatniradovinatasa.com\/wp-content\/uploads\/2024\/02\/Logo.jpg","width":1850,"height":818,"caption":"unikatni radovi natasa"},"image":{"@id":"https:\/\/unikatniradovinatasa.com\/#\/schema\/logo\/image\/"},"sameAs":["https:\/\/www.facebook.com\/unikatniradovinata\/","https:\/\/www.instagram.com\/unikatni_radovi_natasa\/"]}]}},"_links":{"self":[{"href":"https:\/\/unikatniradovinatasa.com\/index.php\/wp-json\/wp\/v2\/pages\/117","targetHints":{"allow":["GET"]}}],"collection":[{"href":"https:\/\/unikatniradovinatasa.com\/index.php\/wp-json\/wp\/v2\/pages"}],"about":[{"href":"https:\/\/unikatniradovinatasa.com\/index.php\/wp-json\/wp\/v2\/types\/page"}],"author":[{"embeddable":true,"href":"https:\/\/unikatniradovinatasa.com\/index.php\/wp-json\/wp\/v2\/users\/2"}],"replies":[{"embeddable":true,"href":"https:\/\/unikatniradovinatasa.com\/index.php\/wp-json\/wp\/v2\/comments?post=117"}],"version-history":[{"count":11,"href":"https:\/\/unikatniradovinatasa.com\/index.php\/wp-json\/wp\/v2\/pages\/117\/revisions"}],"predecessor-version":[{"id":1123,"href":"https:\/\/unikatniradovinatasa.com\/index.php\/wp-json\/wp\/v2\/pages\/117\/revisions\/1123"}],"wp:attachment":[{"href":"https:\/\/unikatniradovinatasa.com\/index.php\/wp-json\/wp\/v2\/media?parent=117"}],"curies":[{"name":"wp","href":"https:\/\/api.w.org\/{rel}","templated":true}]}}