{"id":129,"date":"2024-03-12T21:05:17","date_gmt":"2024-03-12T21:05:17","guid":{"rendered":"https:\/\/unikatniradovinatasa.com\/?page_id=129"},"modified":"2025-06-20T17:56:00","modified_gmt":"2025-06-20T17:56:00","slug":"bedzevi","status":"publish","type":"page","link":"https:\/\/unikatniradovinatasa.com\/index.php\/bedzevi\/","title":{"rendered":"Bed\u017eevi"},"content":{"rendered":"<p>[et_pb_section fb_built=&#8221;1&#8243; _builder_version=&#8221;4.25.1&#8243; _module_preset=&#8221;default&#8221; global_colors_info=&#8221;{}&#8221;][et_pb_row _builder_version=&#8221;4.25.1&#8243; _module_preset=&#8221;default&#8221; global_colors_info=&#8221;{}&#8221;][et_pb_column type=&#8221;4_4&#8243; _builder_version=&#8221;4.25.1&#8243; _module_preset=&#8221;default&#8221; global_colors_info=&#8221;{}&#8221;][et_pb_text _builder_version=&#8221;4.27.4&#8243; _module_preset=&#8221;default&#8221; header_font=&#8221;Autour One|600||on|||||&#8221; header_text_align=&#8221;center&#8221; header_text_color=&#8221;#5e4e56&#8243; header_line_height=&#8221;1.2em&#8221; custom_margin=&#8221;|0px||0px|false|true&#8221; custom_margin_tablet=&#8221;|0px||0px|false|true&#8221; custom_margin_phone=&#8221;-58px||||false|true&#8221; custom_margin_last_edited=&#8221;on|phone&#8221; custom_padding=&#8221;0px||||false|false&#8221; header_font_size_tablet=&#8221;31px&#8221; header_font_size_phone=&#8221;24px&#8221; header_font_size_last_edited=&#8221;on|phone&#8221; header_text_shadow_style=&#8221;preset2&#8243; global_colors_info=&#8221;{}&#8221;]<\/p>\n<h1>bed\u017eevi<\/h1>\n<p>[\/et_pb_text][\/et_pb_column][\/et_pb_row][et_pb_row column_structure=&#8221;1_2,1_2&#8243; _builder_version=&#8221;4.27.4&#8243; _module_preset=&#8221;default&#8221; custom_margin_tablet=&#8221;&#8221; custom_margin_phone=&#8221;-60px||||false|false&#8221; custom_margin_last_edited=&#8221;on|phone&#8221; global_colors_info=&#8221;{}&#8221;][et_pb_column type=&#8221;1_2&#8243; _builder_version=&#8221;4.25.1&#8243; _module_preset=&#8221;default&#8221; global_colors_info=&#8221;{}&#8221;][et_pb_text _builder_version=&#8221;4.27.0&#8243; _module_preset=&#8221;default&#8221; text_font=&#8221;Poppins||||||||&#8221; text_text_color=&#8221;#5E4E56&#8243; header_font=&#8221;Poppins|700|||||||&#8221; header_text_color=&#8221;#5E4E56&#8243; header_3_font=&#8221;Poppins|600|||||||&#8221; header_3_text_color=&#8221;#5E4E56&#8243; global_colors_info=&#8221;{}&#8221;]<\/p>\n<h3>Personalizovani bed\u017eevi za svadbe<\/h3>\n<p>Dodajte poseban pe\u010dat va\u0161em ven\u010danju uz personalizovane bed\u017eeve, izra\u0111ene po va\u0161oj \u017eelji! Bilo da \u017eelite da va\u0161i gosti nose ne\u0161to jedinstveno \u0161to simbolizuje va\u0161 poseban dan ili da obele\u017eite uloge va\u017enih osoba na svadbi, moji bed\u017eevi su savr\u0161eni detalj.<\/p>\n<p><strong>Kreirajte bed\u017eeve po Va\u0161oj zamisli:<\/strong><\/p>\n<p>Ja se brinem da svaki detalj odgovara va\u0161em stilu. Motive izra\u0111ujem prema va\u0161im \u017eeljama, bilo da se radi o jedinstvenom dizajnu, boji pozadine, fontu ili specifi\u010dnom detalju kao \u0161to je boja kose na ilustraciji. Va\u017eno mi je da svaki bed\u017e bude prilago\u0111en ba\u0161 vama.<\/p>\n<p><strong>Birajte i prilagodite gotove motive:<\/strong><\/p>\n<p>Ako \u017eelite inspiraciju, mo\u017eete odabrati jedan od mojih ve\u0107 gotovih motiva. Svi oni su prilagodljivi \u2013 promenite boje, font, ili dodajte osobni detalj koji \u0107e u\u010diniti bed\u017e posebnim.<\/p>\n<p>Moji personalizovani bed\u017eevi su ne samo odli\u010dan na\u010din da okitite va\u0161e goste, ve\u0107 i divan suvenir koji \u0107e zauvek \u010duvati uspomenu na va\u0161 poseban dan.<\/p>\n<p>[\/et_pb_text][\/et_pb_column][et_pb_column type=&#8221;1_2&#8243; _builder_version=&#8221;4.25.1&#8243; _module_preset=&#8221;default&#8221; global_colors_info=&#8221;{}&#8221;][et_pb_image src=&#8221;http:\/\/unikatniradovinatasa.com\/wp-content\/uploads\/2024\/08\/bedz.jpg&#8221; alt=&#8221;Mladozenja sa bedzom&#8221; title_text=&#8221;bedz&#8221; _builder_version=&#8221;4.27.4&#8243; _module_preset=&#8221;default&#8221; width=&#8221;95%&#8221; custom_margin_tablet=&#8221;&#8221; custom_margin_phone=&#8221;-8px||||false|false&#8221; custom_margin_last_edited=&#8221;on|phone&#8221; global_colors_info=&#8221;{}&#8221;][\/et_pb_image][\/et_pb_column][\/et_pb_row][et_pb_row _builder_version=&#8221;4.25.1&#8243; _module_preset=&#8221;default&#8221; global_colors_info=&#8221;{}&#8221;][et_pb_column type=&#8221;4_4&#8243; _builder_version=&#8221;4.25.1&#8243; _module_preset=&#8221;default&#8221; global_colors_info=&#8221;{}&#8221;][et_pb_text _builder_version=&#8221;4.27.4&#8243; _module_preset=&#8221;default&#8221; text_font=&#8221;Poppins|600|||||||&#8221; text_text_color=&#8221;#5E4E56&#8243; text_font_size=&#8221;20px&#8221; header_font=&#8221;Autour One|600||on|||||&#8221; header_text_align=&#8221;center&#8221; header_text_color=&#8221;#5e4e56&#8243; width_tablet=&#8221;&#8221; width_phone=&#8221;&#8221; width_last_edited=&#8221;on|phone&#8221; custom_margin=&#8221;||-24px||false|false&#8221; custom_margin_tablet=&#8221;||-24px||false|false&#8221; custom_margin_phone=&#8221;-29px||||false|true&#8221; custom_margin_last_edited=&#8221;on|phone&#8221; custom_padding=&#8221;0px||||false|false&#8221; text_font_size_tablet=&#8221;20px&#8221; text_font_size_phone=&#8221;16px&#8221; text_font_size_last_edited=&#8221;on|phone&#8221; header_font_size_tablet=&#8221;31px&#8221; header_font_size_phone=&#8221;20px&#8221; header_font_size_last_edited=&#8221;on|phone&#8221; header_text_shadow_style=&#8221;preset2&#8243; global_colors_info=&#8221;{}&#8221;]<\/p>\n<h1>modele bed\u017eeva<\/h1>\n<p style=\"text-align: center;\">pogledajte ovde<\/p>\n<p>[\/et_pb_text][\/et_pb_column][\/et_pb_row][et_pb_row _builder_version=&#8221;4.25.1&#8243; _module_preset=&#8221;default&#8221; global_colors_info=&#8221;{}&#8221;][et_pb_column type=&#8221;4_4&#8243; _builder_version=&#8221;4.25.1&#8243; _module_preset=&#8221;default&#8221; global_colors_info=&#8221;{}&#8221;][et_pb_button button_url=&#8221;https:\/\/unikatniradovinatasa.com\/index.php\/modeli-bedzeva\/?et_fb=1&#038;PageSpeed=off&#8221; button_text=&#8221;Bed\u017eevi&#8221; button_alignment=&#8221;center&#8221; _builder_version=&#8221;4.27.4&#8243; _module_preset=&#8221;default&#8221; custom_button=&#8221;on&#8221; button_text_size=&#8221;16px&#8221; button_text_color=&#8221;#FFFFFF&#8221; button_bg_color=&#8221;#EE92C2&#8243; button_border_width=&#8221;0px&#8221; button_border_color=&#8221;RGBA(255,255,255,0)&#8221; button_border_radius=&#8221;20px&#8221; button_letter_spacing=&#8221;0px&#8221; button_font=&#8221;Poppins|700|||||||&#8221; button_icon_color=&#8221;#5E4E56&#8243; animation_style=&#8221;slide&#8221; animation_duration=&#8221;1450ms&#8221; box_shadow_style=&#8221;preset3&#8243; box_shadow_vertical=&#8221;10px&#8221; box_shadow_blur=&#8221;8px&#8221; global_colors_info=&#8221;{}&#8221;][\/et_pb_button][\/et_pb_column][\/et_pb_row][et_pb_row use_custom_gutter=&#8221;on&#8221; gutter_width=&#8221;1&#8243; _builder_version=&#8221;4.27.4&#8243; _module_preset=&#8221;default&#8221; width=&#8221;60%&#8221; hover_enabled=&#8221;0&#8243; global_colors_info=&#8221;{}&#8221; module_class=&#8221;gal-width&#8221; sticky_enabled=&#8221;0&#8243; width_last_edited=&#8221;on|phone&#8221; width_phone=&#8221;80%&#8221; width_tablet=&#8221;90%&#8221;][et_pb_column type=&#8221;4_4&#8243; _builder_version=&#8221;4.25.1&#8243; _module_preset=&#8221;default&#8221; global_colors_info=&#8221;{}&#8221;][et_pb_gallery gallery_ids=&#8221;610,569,628,632,630,583,624,625,629,614,616,612,594,590,580,575,561&#8243; posts_number=&#8221;8&#8243; orientation=&#8221;portrait&#8221; show_title_and_caption=&#8221;off&#8221; zoom_icon_color=&#8221;#FFFFFF&#8221; hover_overlay_color=&#8221;rgba(94,66,80,0.31)&#8221; hover_icon=&#8221;&#x30;||divi||400&#8243; _builder_version=&#8221;4.27.4&#8243; _module_preset=&#8221;default&#8221; custom_margin=&#8221;|||||true&#8221; custom_margin_tablet=&#8221;|10px||10px|false|true&#8221; custom_margin_phone=&#8221;|10px||10px|false|true&#8221; custom_margin_last_edited=&#8221;on|phone&#8221; border_width_all_image=&#8221;6px&#8221; border_color_all_image=&#8221;rgba(255,255,255,0)&#8221; global_colors_info=&#8221;{}&#8221;][\/et_pb_gallery][et_pb_text _builder_version=&#8221;4.27.4&#8243; _module_preset=&#8221;default&#8221; text_font=&#8221;Poppins||||||||&#8221; text_text_color=&#8221;#5E4E56&#8243; global_colors_info=&#8221;{}&#8221;]<\/p>\n<p>Bed\u017eeve radim u oblicima i dimenzijama po va\u0161oj \u017eelji. Da li \u0107e to biti pravougaonik, krug, srce ili recimo dinosaurs na vama je odluka.<\/p>\n<p>Pi\u0161ite mi i zajedno \u0107emo osmisliti kako da izgledaju va\u0161i bed\u017eevi za ki\u0107enje svatova.<\/p>\n<p>[\/et_pb_text][\/et_pb_column][\/et_pb_row][\/et_pb_section]<\/p>\n","protected":false},"excerpt":{"rendered":"<p>bed\u017eeviPersonalizovani bed\u017eevi za svadbe Dodajte poseban pe\u010dat va\u0161em ven\u010danju uz personalizovane bed\u017eeve, izra\u0111ene po va\u0161oj \u017eelji! Bilo da \u017eelite da va\u0161i gosti nose ne\u0161to jedinstveno \u0161to simbolizuje va\u0161 poseban dan ili da obele\u017eite uloge va\u017enih osoba na svadbi, moji bed\u017eevi su savr\u0161eni detalj. Kreirajte bed\u017eeve po Va\u0161oj zamisli: Ja se brinem da svaki detalj odgovara [&hellip;]<\/p>\n","protected":false},"author":2,"featured_media":0,"parent":0,"menu_order":0,"comment_status":"closed","ping_status":"closed","template":"","meta":{"_et_pb_use_builder":"on","_et_pb_old_content":"<!-- wp:divi\/placeholder \/-->","_et_gb_content_width":"","footnotes":""},"class_list":["post-129","page","type-page","status-publish","hentry"],"yoast_head":"<!-- This site is optimized with the Yoast SEO plugin v26.1.1 - https:\/\/yoast.com\/wordpress\/plugins\/seo\/ -->\n<title>Bed\u017eevi - Unikatni radovi Natasa<\/title>\n<meta name=\"robots\" content=\"index, follow, max-snippet:-1, max-image-preview:large, max-video-preview:-1\" \/>\n<link rel=\"canonical\" href=\"https:\/\/unikatniradovinatasa.com\/index.php\/bedzevi\/\" \/>\n<meta property=\"og:locale\" content=\"en_US\" \/>\n<meta property=\"og:type\" content=\"article\" \/>\n<meta property=\"og:title\" content=\"Bed\u017eevi - Unikatni radovi Natasa\" \/>\n<meta property=\"og:description\" content=\"bed\u017eeviPersonalizovani bed\u017eevi za svadbe Dodajte poseban pe\u010dat va\u0161em ven\u010danju uz personalizovane bed\u017eeve, izra\u0111ene po va\u0161oj \u017eelji! Bilo da \u017eelite da va\u0161i gosti nose ne\u0161to jedinstveno \u0161to simbolizuje va\u0161 poseban dan ili da obele\u017eite uloge va\u017enih osoba na svadbi, moji bed\u017eevi su savr\u0161eni detalj. Kreirajte bed\u017eeve po Va\u0161oj zamisli: Ja se brinem da svaki detalj odgovara [&hellip;]\" \/>\n<meta property=\"og:url\" content=\"https:\/\/unikatniradovinatasa.com\/index.php\/bedzevi\/\" \/>\n<meta property=\"og:site_name\" content=\"Unikatni radovi Natasa\" \/>\n<meta property=\"article:publisher\" content=\"https:\/\/www.facebook.com\/unikatniradovinata\/\" \/>\n<meta property=\"article:modified_time\" content=\"2025-06-20T17:56:00+00:00\" \/>\n<meta name=\"twitter:card\" content=\"summary_large_image\" \/>\n<meta name=\"twitter:label1\" content=\"Est. reading time\" \/>\n\t<meta name=\"twitter:data1\" content=\"5 minutes\" \/>\n<script type=\"application\/ld+json\" class=\"yoast-schema-graph\">{\"@context\":\"https:\/\/schema.org\",\"@graph\":[{\"@type\":\"WebPage\",\"@id\":\"https:\/\/unikatniradovinatasa.com\/index.php\/bedzevi\/\",\"url\":\"https:\/\/unikatniradovinatasa.com\/index.php\/bedzevi\/\",\"name\":\"Bed\u017eevi - Unikatni radovi Natasa\",\"isPartOf\":{\"@id\":\"https:\/\/unikatniradovinatasa.com\/#website\"},\"datePublished\":\"2024-03-12T21:05:17+00:00\",\"dateModified\":\"2025-06-20T17:56:00+00:00\",\"breadcrumb\":{\"@id\":\"https:\/\/unikatniradovinatasa.com\/index.php\/bedzevi\/#breadcrumb\"},\"inLanguage\":\"en-US\",\"potentialAction\":[{\"@type\":\"ReadAction\",\"target\":[\"https:\/\/unikatniradovinatasa.com\/index.php\/bedzevi\/\"]}]},{\"@type\":\"BreadcrumbList\",\"@id\":\"https:\/\/unikatniradovinatasa.com\/index.php\/bedzevi\/#breadcrumb\",\"itemListElement\":[{\"@type\":\"ListItem\",\"position\":1,\"name\":\"Home\",\"item\":\"https:\/\/unikatniradovinatasa.com\/\"},{\"@type\":\"ListItem\",\"position\":2,\"name\":\"Bed\u017eevi\"}]},{\"@type\":\"WebSite\",\"@id\":\"https:\/\/unikatniradovinatasa.com\/#website\",\"url\":\"https:\/\/unikatniradovinatasa.com\/\",\"name\":\"Rucni radovi\",\"description\":\"Ru\u010dni radovi\",\"publisher\":{\"@id\":\"https:\/\/unikatniradovinatasa.com\/#organization\"},\"potentialAction\":[{\"@type\":\"SearchAction\",\"target\":{\"@type\":\"EntryPoint\",\"urlTemplate\":\"https:\/\/unikatniradovinatasa.com\/?s={search_term_string}\"},\"query-input\":{\"@type\":\"PropertyValueSpecification\",\"valueRequired\":true,\"valueName\":\"search_term_string\"}}],\"inLanguage\":\"en-US\"},{\"@type\":\"Organization\",\"@id\":\"https:\/\/unikatniradovinatasa.com\/#organization\",\"name\":\"unikatni radovi natasa\",\"url\":\"https:\/\/unikatniradovinatasa.com\/\",\"logo\":{\"@type\":\"ImageObject\",\"inLanguage\":\"en-US\",\"@id\":\"https:\/\/unikatniradovinatasa.com\/#\/schema\/logo\/image\/\",\"url\":\"https:\/\/unikatniradovinatasa.com\/wp-content\/uploads\/2024\/02\/Logo.jpg\",\"contentUrl\":\"https:\/\/unikatniradovinatasa.com\/wp-content\/uploads\/2024\/02\/Logo.jpg\",\"width\":1850,\"height\":818,\"caption\":\"unikatni radovi natasa\"},\"image\":{\"@id\":\"https:\/\/unikatniradovinatasa.com\/#\/schema\/logo\/image\/\"},\"sameAs\":[\"https:\/\/www.facebook.com\/unikatniradovinata\/\",\"https:\/\/www.instagram.com\/unikatni_radovi_natasa\/\"]}]}<\/script>\n<!-- \/ Yoast SEO plugin. -->","yoast_head_json":{"title":"Bed\u017eevi - Unikatni radovi Natasa","robots":{"index":"index","follow":"follow","max-snippet":"max-snippet:-1","max-image-preview":"max-image-preview:large","max-video-preview":"max-video-preview:-1"},"canonical":"https:\/\/unikatniradovinatasa.com\/index.php\/bedzevi\/","og_locale":"en_US","og_type":"article","og_title":"Bed\u017eevi - Unikatni radovi Natasa","og_description":"bed\u017eeviPersonalizovani bed\u017eevi za svadbe Dodajte poseban pe\u010dat va\u0161em ven\u010danju uz personalizovane bed\u017eeve, izra\u0111ene po va\u0161oj \u017eelji! Bilo da \u017eelite da va\u0161i gosti nose ne\u0161to jedinstveno \u0161to simbolizuje va\u0161 poseban dan ili da obele\u017eite uloge va\u017enih osoba na svadbi, moji bed\u017eevi su savr\u0161eni detalj. Kreirajte bed\u017eeve po Va\u0161oj zamisli: Ja se brinem da svaki detalj odgovara [&hellip;]","og_url":"https:\/\/unikatniradovinatasa.com\/index.php\/bedzevi\/","og_site_name":"Unikatni radovi Natasa","article_publisher":"https:\/\/www.facebook.com\/unikatniradovinata\/","article_modified_time":"2025-06-20T17:56:00+00:00","twitter_card":"summary_large_image","twitter_misc":{"Est. reading time":"5 minutes"},"schema":{"@context":"https:\/\/schema.org","@graph":[{"@type":"WebPage","@id":"https:\/\/unikatniradovinatasa.com\/index.php\/bedzevi\/","url":"https:\/\/unikatniradovinatasa.com\/index.php\/bedzevi\/","name":"Bed\u017eevi - Unikatni radovi Natasa","isPartOf":{"@id":"https:\/\/unikatniradovinatasa.com\/#website"},"datePublished":"2024-03-12T21:05:17+00:00","dateModified":"2025-06-20T17:56:00+00:00","breadcrumb":{"@id":"https:\/\/unikatniradovinatasa.com\/index.php\/bedzevi\/#breadcrumb"},"inLanguage":"en-US","potentialAction":[{"@type":"ReadAction","target":["https:\/\/unikatniradovinatasa.com\/index.php\/bedzevi\/"]}]},{"@type":"BreadcrumbList","@id":"https:\/\/unikatniradovinatasa.com\/index.php\/bedzevi\/#breadcrumb","itemListElement":[{"@type":"ListItem","position":1,"name":"Home","item":"https:\/\/unikatniradovinatasa.com\/"},{"@type":"ListItem","position":2,"name":"Bed\u017eevi"}]},{"@type":"WebSite","@id":"https:\/\/unikatniradovinatasa.com\/#website","url":"https:\/\/unikatniradovinatasa.com\/","name":"Rucni radovi","description":"Ru\u010dni radovi","publisher":{"@id":"https:\/\/unikatniradovinatasa.com\/#organization"},"potentialAction":[{"@type":"SearchAction","target":{"@type":"EntryPoint","urlTemplate":"https:\/\/unikatniradovinatasa.com\/?s={search_term_string}"},"query-input":{"@type":"PropertyValueSpecification","valueRequired":true,"valueName":"search_term_string"}}],"inLanguage":"en-US"},{"@type":"Organization","@id":"https:\/\/unikatniradovinatasa.com\/#organization","name":"unikatni radovi natasa","url":"https:\/\/unikatniradovinatasa.com\/","logo":{"@type":"ImageObject","inLanguage":"en-US","@id":"https:\/\/unikatniradovinatasa.com\/#\/schema\/logo\/image\/","url":"https:\/\/unikatniradovinatasa.com\/wp-content\/uploads\/2024\/02\/Logo.jpg","contentUrl":"https:\/\/unikatniradovinatasa.com\/wp-content\/uploads\/2024\/02\/Logo.jpg","width":1850,"height":818,"caption":"unikatni radovi natasa"},"image":{"@id":"https:\/\/unikatniradovinatasa.com\/#\/schema\/logo\/image\/"},"sameAs":["https:\/\/www.facebook.com\/unikatniradovinata\/","https:\/\/www.instagram.com\/unikatni_radovi_natasa\/"]}]}},"_links":{"self":[{"href":"https:\/\/unikatniradovinatasa.com\/index.php\/wp-json\/wp\/v2\/pages\/129","targetHints":{"allow":["GET"]}}],"collection":[{"href":"https:\/\/unikatniradovinatasa.com\/index.php\/wp-json\/wp\/v2\/pages"}],"about":[{"href":"https:\/\/unikatniradovinatasa.com\/index.php\/wp-json\/wp\/v2\/types\/page"}],"author":[{"embeddable":true,"href":"https:\/\/unikatniradovinatasa.com\/index.php\/wp-json\/wp\/v2\/users\/2"}],"replies":[{"embeddable":true,"href":"https:\/\/unikatniradovinatasa.com\/index.php\/wp-json\/wp\/v2\/comments?post=129"}],"version-history":[{"count":10,"href":"https:\/\/unikatniradovinatasa.com\/index.php\/wp-json\/wp\/v2\/pages\/129\/revisions"}],"predecessor-version":[{"id":1150,"href":"https:\/\/unikatniradovinatasa.com\/index.php\/wp-json\/wp\/v2\/pages\/129\/revisions\/1150"}],"wp:attachment":[{"href":"https:\/\/unikatniradovinatasa.com\/index.php\/wp-json\/wp\/v2\/media?parent=129"}],"curies":[{"name":"wp","href":"https:\/\/api.w.org\/{rel}","templated":true}]}}