{"id":135,"date":"2024-03-12T21:07:00","date_gmt":"2024-03-12T21:07:00","guid":{"rendered":"https:\/\/unikatniradovinatasa.com\/?page_id=135"},"modified":"2025-06-20T15:59:45","modified_gmt":"2025-06-20T15:59:45","slug":"slike-od-kamencica","status":"publish","type":"page","link":"https:\/\/unikatniradovinatasa.com\/index.php\/slike-od-kamencica\/","title":{"rendered":"Slike od kamen\u010di\u0107a"},"content":{"rendered":"<p>[et_pb_section fb_built=&#8221;1&#8243; _builder_version=&#8221;4.25.1&#8243; _module_preset=&#8221;default&#8221; global_colors_info=&#8221;{}&#8221;][et_pb_row _builder_version=&#8221;4.25.1&#8243; _module_preset=&#8221;default&#8221; global_colors_info=&#8221;{}&#8221;][et_pb_column type=&#8221;4_4&#8243; _builder_version=&#8221;4.25.1&#8243; _module_preset=&#8221;default&#8221; global_colors_info=&#8221;{}&#8221;][et_pb_text _builder_version=&#8221;4.25.1&#8243; _module_preset=&#8221;default&#8221; header_font=&#8221;Autour One|600||on|||||&#8221; header_text_align=&#8221;center&#8221; header_text_color=&#8221;#5e4e56&#8243; header_line_height=&#8221;1.2em&#8221; custom_margin=&#8221;|0px||0px|false|true&#8221; custom_margin_tablet=&#8221;|0px||0px|false|true&#8221; custom_margin_phone=&#8221;-37px||||false|true&#8221; custom_margin_last_edited=&#8221;on|phone&#8221; custom_padding=&#8221;0px||||false|false&#8221; header_font_size_tablet=&#8221;31px&#8221; header_font_size_phone=&#8221;18px&#8221; header_font_size_last_edited=&#8221;on|phone&#8221; header_text_shadow_style=&#8221;preset2&#8243; global_colors_info=&#8221;{}&#8221;]<\/p>\n<h1>Slike od kamen\u010di\u0107a<\/h1>\n<p>[\/et_pb_text][\/et_pb_column][\/et_pb_row][et_pb_row column_structure=&#8221;1_2,1_2&#8243; custom_padding_last_edited=&#8221;on|phone&#8221; _builder_version=&#8221;4.25.1&#8243; _module_preset=&#8221;default&#8221; custom_margin_tablet=&#8221;&#8221; custom_margin_phone=&#8221;-11px||||false|false&#8221; custom_margin_last_edited=&#8221;on|phone&#8221; custom_padding_tablet=&#8221;&#8221; custom_padding_phone=&#8221;0px||||false|false&#8221; global_colors_info=&#8221;{}&#8221;][et_pb_column type=&#8221;1_2&#8243; _builder_version=&#8221;4.25.1&#8243; _module_preset=&#8221;default&#8221; global_colors_info=&#8221;{}&#8221;][et_pb_text content_tablet=&#8221;<\/p>\n<h3><strong>Otkrijte magiju umetnosti koja se ra\u0111a iz kamena.<\/strong><\/h3>\n<p>Sa ljubavlju i pa\u017enjom izra\u0111ujem slike od kamenc\u0301i\u0107a, unikatne i originalne, koje su idealne za svaku priliku.<\/p>\n<p>Bilo da tra\u017eite originalan poklon za ro\u0111endan drage osobe, organizujete devoja\u010dko ve\u010de i \u017eelite da iznenadite budu\u0107u mladu ili \u017eelite da obradujete vaspita\u010dicu i nastavnicu sa posebnim poklonom, ja \u0107u vam stvoriti remek delo koje \u0107e o\u010darati sve.<\/p>\n<p>Svaka slika je do detalja osmi\u0161ljena i izra\u0111ena po va\u0161oj \u017eelji, sa temom koja najbolje odra\u017eava poruku koju \u017eelite da prenesete.<\/p>\n<p>Budite sigurni da \u0107e slike od kamenc\u0301i\u0107a ulep\u0161ati svaki prostor i doneti osmeh na lica onih koji ih dobiju.<\/p>\n<p>Ramove radim u dve veli\u010dine, manji A4 i ve\u0107i A3 format.<\/p>\n<p>&nbsp;<\/p>\n<p>&#8221; content_phone=&#8221;<\/p>\n<h3><strong>Otkrijte magiju umetnosti koja se ra\u0111a iz kamena.<\/strong><\/h3>\n<p>Sa ljubavlju i pa\u017enjom izra\u0111ujem slike od kamenc\u0301i\u0107a, unikatne i originalne, koje su idealne za svaku priliku.<\/p>\n<p>Bilo da tra\u017eite originalan poklon za ro\u0111endan drage osobe, organizujete devoja\u010dko ve\u010de i \u017eelite da iznenadite budu\u0107u mladu ili \u017eelite da obradujete vaspita\u010dicu i nastavnicu sa posebnim poklonom, ja \u0107u vam stvoriti remek delo koje \u0107e o\u010darati sve.<\/p>\n<p>&#8221; content_last_edited=&#8221;on|desktop&#8221; _builder_version=&#8221;4.27.4&#8243; _module_preset=&#8221;default&#8221; text_font=&#8221;Poppins||||||||&#8221; text_text_color=&#8221;#5E4E56&#8243; header_3_font=&#8221;Poppins||||||||&#8221; header_3_text_color=&#8221;#5E4E56&#8243; header_3_font_size=&#8221;16px&#8221; header_3_line_height=&#8221;1.2em&#8221; custom_margin_tablet=&#8221;-40px||||false|false&#8221; custom_margin_phone=&#8221;-25px||||false|false&#8221; custom_margin_last_edited=&#8221;on|phone&#8221; custom_padding=&#8221;20px||0px||false|false&#8221; custom_padding_tablet=&#8221;20px||0px||false|false&#8221; custom_padding_phone=&#8221;0px||||false|false&#8221; custom_padding_last_edited=&#8221;on|phone&#8221; hover_enabled=&#8221;0&#8243; text_line_height_tablet=&#8221;&#8221; text_line_height_phone=&#8221;&#8221; text_line_height_last_edited=&#8221;on|desktop&#8221; header_3_font_tablet=&#8221;Poppins||||||||&#8221; header_3_font_phone=&#8221;Poppins||||||||&#8221; header_3_font_last_edited=&#8221;on|phone&#8221; global_colors_info=&#8221;{}&#8221; sticky_enabled=&#8221;0&#8243; custom_margin=&#8221;||59px|||&#8221;]<\/p>\n<h3><strong>Otkrijte magiju umetnosti koja se ra\u0111a iz kamena.<\/strong><\/h3>\n<p>Sa ljubavlju i pa\u017enjom izra\u0111ujem slike od kamenc\u0301i\u0107a, unikatne i originalne, koje su idealne za svaku priliku.<\/p>\n<p>Bilo da tra\u017eite originalan poklon za ro\u0111endan drage osobe, organizujete devoja\u010dko ve\u010de i \u017eelite da iznenadite budu\u0107u mladu ili \u017eelite da obradujete vaspita\u010dicu i nastavnicu sa posebnim poklonom, ja \u0107u vam stvoriti remek delo koje \u0107e o\u010darati sve.<\/p>\n<p>Svaka slika je do detalja osmi\u0161ljena i izra\u0111ena po va\u0161oj \u017eelji, sa temom koja najbolje odra\u017eava poruku koju \u017eelite da prenesete.<\/p>\n<p>Budite sigurni da \u0107e slike od kamenc\u0301i\u0107a ulep\u0161ati svaki prostor i doneti osmeh na lica onih koji ih dobiju.<\/p>\n<p>Ramove radim u dve veli\u010dine manji A4 i ve\u0107i A3 format.[\/et_pb_text][\/et_pb_column][et_pb_column type=&#8221;1_2&#8243; _builder_version=&#8221;4.25.1&#8243; _module_preset=&#8221;default&#8221; global_colors_info=&#8221;{}&#8221;][et_pb_image src=&#8221;http:\/\/unikatniradovinatasa.com\/wp-content\/uploads\/2024\/05\/pexels-pixabay-326612-scaled.jpg&#8221; alt=&#8221;Kamenje&#8221; title_text=&#8221;pexels-pixabay-326612&#8243; _builder_version=&#8221;4.27.4&#8243; _module_preset=&#8221;default&#8221; width=&#8221;50%&#8221; width_tablet=&#8221;46%&#8221; width_phone=&#8221;50%&#8221; width_last_edited=&#8221;on|phone&#8221; module_alignment=&#8221;left&#8221; custom_margin_tablet=&#8221;&#8221; custom_margin_phone=&#8221;-17px||||false|false&#8221; custom_margin_last_edited=&#8221;on|phone&#8221; box_shadow_style=&#8221;preset3&#8243; global_colors_info=&#8221;{}&#8221;][\/et_pb_image][et_pb_image src=&#8221;http:\/\/unikatniradovinatasa.com\/wp-content\/uploads\/2025\/04\/17-min.jpg&#8221; alt=&#8221;Kamen sa bubamarama&#8221; _builder_version=&#8221;4.27.4&#8243; _module_preset=&#8221;default&#8221; width=&#8221;45%&#8221; width_tablet=&#8221;46%&#8221; width_phone=&#8221;45%&#8221; width_last_edited=&#8221;on|phone&#8221; module_alignment=&#8221;right&#8221; custom_margin_tablet=&#8221;-221px||||false|false&#8221; custom_margin_phone=&#8221;-139px||||false|false&#8221; custom_margin_last_edited=&#8221;on|tablet&#8221; box_shadow_style=&#8221;preset3&#8243; global_colors_info=&#8221;{}&#8221;][\/et_pb_image][\/et_pb_column][\/et_pb_row][et_pb_row use_custom_gutter=&#8221;on&#8221; gutter_width=&#8221;1&#8243; module_class=&#8221;gal-width&#8221; _builder_version=&#8221;4.27.4&#8243; _module_preset=&#8221;default&#8221; global_colors_info=&#8221;{}&#8221;][et_pb_column type=&#8221;4_4&#8243; _builder_version=&#8221;4.27.4&#8243; _module_preset=&#8221;default&#8221; global_colors_info=&#8221;{}&#8221;][et_pb_gallery gallery_ids=&#8221;1056,1055,1054,1053&#8243; show_title_and_caption=&#8221;off&#8221; show_pagination=&#8221;off&#8221; zoom_icon_color=&#8221;#FFFFFF&#8221; hover_overlay_color=&#8221;rgba(94,66,77,0.31)&#8221; hover_icon=&#8221;&#x30;||divi||400&#8243; _builder_version=&#8221;4.27.4&#8243; _module_preset=&#8221;default&#8221; custom_margin=&#8221;|5px||5px|false|true&#8221; border_width_all=&#8221;5px&#8221; border_color_all=&#8221;RGBA(255,255,255,0)&#8221; global_colors_info=&#8221;{}&#8221;][\/et_pb_gallery][\/et_pb_column][\/et_pb_row][et_pb_row use_custom_gutter=&#8221;on&#8221; gutter_width=&#8221;1&#8243; module_class=&#8221;gal-width&#8221; _builder_version=&#8221;4.27.4&#8243; _module_preset=&#8221;default&#8221; global_colors_info=&#8221;{}&#8221;][et_pb_column type=&#8221;4_4&#8243; _builder_version=&#8221;4.27.4&#8243; _module_preset=&#8221;default&#8221; global_colors_info=&#8221;{}&#8221;][et_pb_gallery gallery_ids=&#8221;1133,1135,1134,1136&#8243; show_title_and_caption=&#8221;off&#8221; show_pagination=&#8221;off&#8221; zoom_icon_color=&#8221;#FFFFFF&#8221; hover_overlay_color=&#8221;rgba(94,66,77,0.31)&#8221; hover_icon=&#8221;&#x30;||divi||400&#8243; _builder_version=&#8221;4.27.4&#8243; _module_preset=&#8221;default&#8221; custom_margin=&#8221;|5px||5px|false|true&#8221; border_width_all=&#8221;5px&#8221; border_color_all=&#8221;RGBA(255,255,255,0)&#8221; global_colors_info=&#8221;{}&#8221;][\/et_pb_gallery][\/et_pb_column][\/et_pb_row][et_pb_row _builder_version=&#8221;4.27.4&#8243; _module_preset=&#8221;default&#8221; global_colors_info=&#8221;{}&#8221;][et_pb_column type=&#8221;4_4&#8243; _builder_version=&#8221;4.27.4&#8243; _module_preset=&#8221;default&#8221; global_colors_info=&#8221;{}&#8221;][et_pb_gallery gallery_ids=&#8221;1057,1140,1141&#8243; orientation=&#8221;portrait&#8221; show_title_and_caption=&#8221;off&#8221; show_pagination=&#8221;off&#8221; zoom_icon_color=&#8221;#FFFFFF&#8221; hover_overlay_color=&#8221;rgba(94,66,80,0.31)&#8221; hover_icon=&#8221;&#x30;||divi||400&#8243; _builder_version=&#8221;4.27.4&#8243; _module_preset=&#8221;default&#8221; width_tablet=&#8221;&#8221; width_phone=&#8221;50%&#8221; width_last_edited=&#8221;on|phone&#8221; module_alignment=&#8221;center&#8221; hover_enabled=&#8221;0&#8243; global_colors_info=&#8221;{}&#8221; sticky_enabled=&#8221;0&#8243;][\/et_pb_gallery][\/et_pb_column][\/et_pb_row][et_pb_row disabled_on=&#8221;off|off|off&#8221; _builder_version=&#8221;4.25.1&#8243; _module_preset=&#8221;default&#8221; global_colors_info=&#8221;{}&#8221;][et_pb_column type=&#8221;4_4&#8243; _builder_version=&#8221;4.25.1&#8243; _module_preset=&#8221;default&#8221; global_colors_info=&#8221;{}&#8221;][et_pb_text content_tablet=&#8221;<\/p>\n<p>Prepustite se ma\u0161ti i stvorite svoju pri\u010du kroz svaki kamen\u010di\u0107 na slici, jer svaka slika nosi sa sobom pri\u010du koja \u010deka da bude ispri\u010dana.<\/p>\n<p>Zavirite u svet Unikatnih Radova Nata\u0161e i prona\u0111ite savr\u0161en poklon koji \u0107e zauvek ostati u srcima onih koje volite.<\/p>\n<p>&#8221; content_phone=&#8221;<\/p>\n<p>Prepustite se ma\u0161ti i stvorite svoju pri\u010du kroz svaki kamen\u010di\u0107 na slici, jer svaka slika nosi sa sobom pri\u010du koja \u010deka da bude ispri\u010dana.<\/p>\n<p>Zavirite u svet Unikatnih Radova Nata\u0161e i prona\u0111ite savr\u0161en poklon koji \u0107e zauvek ostati u srcima onih koje volite.<\/p>\n<p>&#8221; content_last_edited=&#8221;on|desktop&#8221; _builder_version=&#8221;4.27.4&#8243; _module_preset=&#8221;default&#8221; text_font=&#8221;Poppins||||||||&#8221; text_text_color=&#8221;#5E4E56&#8243; text_line_height=&#8221;0.7em&#8221; custom_margin_tablet=&#8221;-54px||||false|false&#8221; custom_margin_phone=&#8221;-21px||||false|false&#8221; custom_margin_last_edited=&#8221;on|phone&#8221; custom_padding=&#8221;||0px|||&#8221; custom_padding_tablet=&#8221;||0px|||&#8221; custom_padding_phone=&#8221;0px||||false|false&#8221; custom_padding_last_edited=&#8221;on|phone&#8221; text_line_height_tablet=&#8221;1.7em&#8221; text_line_height_phone=&#8221;1.7em&#8221; text_line_height_last_edited=&#8221;on|tablet&#8221; global_colors_info=&#8221;{}&#8221;]<\/p>\n<p>Prepustite se ma\u0161ti i stvorite svoju pri\u010du kroz svaki kamen\u010di\u0107 na slici, jer svaka slika nosi sa sobom pri\u010du koja \u010deka da bude ispri\u010dana.<\/p>\n<p>Zavirite u svet Unikatnih Radova Nata\u0161e i prona\u0111ite savr\u0161en poklon koji \u0107e zauvek ostati u srcima onih koje volite.<\/p>\n<p>[\/et_pb_text][\/et_pb_column][\/et_pb_row][\/et_pb_section]<\/p>\n","protected":false},"excerpt":{"rendered":"<p>Slike od kamen\u010di\u0107aOtkrijte magiju umetnosti koja se ra\u0111a iz kamena. Sa ljubavlju i pa\u017enjom izra\u0111ujem slike od kamenc\u0301i\u0107a, unikatne i originalne, koje su idealne za svaku priliku. Bilo da tra\u017eite originalan poklon za ro\u0111endan drage osobe, organizujete devoja\u010dko ve\u010de i \u017eelite da iznenadite budu\u0107u mladu ili \u017eelite da obradujete vaspita\u010dicu i nastavnicu sa posebnim poklonom, [&hellip;]<\/p>\n","protected":false},"author":2,"featured_media":0,"parent":0,"menu_order":0,"comment_status":"closed","ping_status":"closed","template":"","meta":{"_et_pb_use_builder":"on","_et_pb_old_content":"","_et_gb_content_width":"","footnotes":""},"class_list":["post-135","page","type-page","status-publish","hentry"],"yoast_head":"<!-- This site is optimized with the Yoast SEO plugin v26.1.1 - https:\/\/yoast.com\/wordpress\/plugins\/seo\/ -->\n<title>Slike od kamen\u010di\u0107a - Unikatni radovi Natasa<\/title>\n<meta name=\"robots\" content=\"index, follow, max-snippet:-1, max-image-preview:large, max-video-preview:-1\" \/>\n<link rel=\"canonical\" href=\"https:\/\/unikatniradovinatasa.com\/index.php\/slike-od-kamencica\/\" \/>\n<meta property=\"og:locale\" content=\"en_US\" \/>\n<meta property=\"og:type\" content=\"article\" \/>\n<meta property=\"og:title\" content=\"Slike od kamen\u010di\u0107a - Unikatni radovi Natasa\" \/>\n<meta property=\"og:description\" content=\"Slike od kamen\u010di\u0107aOtkrijte magiju umetnosti koja se ra\u0111a iz kamena. Sa ljubavlju i pa\u017enjom izra\u0111ujem slike od kamenc\u0301i\u0107a, unikatne i originalne, koje su idealne za svaku priliku. Bilo da tra\u017eite originalan poklon za ro\u0111endan drage osobe, organizujete devoja\u010dko ve\u010de i \u017eelite da iznenadite budu\u0107u mladu ili \u017eelite da obradujete vaspita\u010dicu i nastavnicu sa posebnim poklonom, [&hellip;]\" \/>\n<meta property=\"og:url\" content=\"https:\/\/unikatniradovinatasa.com\/index.php\/slike-od-kamencica\/\" \/>\n<meta property=\"og:site_name\" content=\"Unikatni radovi Natasa\" \/>\n<meta property=\"article:publisher\" content=\"https:\/\/www.facebook.com\/unikatniradovinata\/\" \/>\n<meta property=\"article:modified_time\" content=\"2025-06-20T15:59:45+00:00\" \/>\n<meta name=\"twitter:card\" content=\"summary_large_image\" \/>\n<meta name=\"twitter:label1\" content=\"Est. reading time\" \/>\n\t<meta name=\"twitter:data1\" content=\"7 minutes\" \/>\n<script type=\"application\/ld+json\" class=\"yoast-schema-graph\">{\"@context\":\"https:\/\/schema.org\",\"@graph\":[{\"@type\":\"WebPage\",\"@id\":\"https:\/\/unikatniradovinatasa.com\/index.php\/slike-od-kamencica\/\",\"url\":\"https:\/\/unikatniradovinatasa.com\/index.php\/slike-od-kamencica\/\",\"name\":\"Slike od kamen\u010di\u0107a - Unikatni radovi Natasa\",\"isPartOf\":{\"@id\":\"https:\/\/unikatniradovinatasa.com\/#website\"},\"datePublished\":\"2024-03-12T21:07:00+00:00\",\"dateModified\":\"2025-06-20T15:59:45+00:00\",\"breadcrumb\":{\"@id\":\"https:\/\/unikatniradovinatasa.com\/index.php\/slike-od-kamencica\/#breadcrumb\"},\"inLanguage\":\"en-US\",\"potentialAction\":[{\"@type\":\"ReadAction\",\"target\":[\"https:\/\/unikatniradovinatasa.com\/index.php\/slike-od-kamencica\/\"]}]},{\"@type\":\"BreadcrumbList\",\"@id\":\"https:\/\/unikatniradovinatasa.com\/index.php\/slike-od-kamencica\/#breadcrumb\",\"itemListElement\":[{\"@type\":\"ListItem\",\"position\":1,\"name\":\"Home\",\"item\":\"https:\/\/unikatniradovinatasa.com\/\"},{\"@type\":\"ListItem\",\"position\":2,\"name\":\"Slike od kamen\u010di\u0107a\"}]},{\"@type\":\"WebSite\",\"@id\":\"https:\/\/unikatniradovinatasa.com\/#website\",\"url\":\"https:\/\/unikatniradovinatasa.com\/\",\"name\":\"Rucni radovi\",\"description\":\"Ru\u010dni radovi\",\"publisher\":{\"@id\":\"https:\/\/unikatniradovinatasa.com\/#organization\"},\"potentialAction\":[{\"@type\":\"SearchAction\",\"target\":{\"@type\":\"EntryPoint\",\"urlTemplate\":\"https:\/\/unikatniradovinatasa.com\/?s={search_term_string}\"},\"query-input\":{\"@type\":\"PropertyValueSpecification\",\"valueRequired\":true,\"valueName\":\"search_term_string\"}}],\"inLanguage\":\"en-US\"},{\"@type\":\"Organization\",\"@id\":\"https:\/\/unikatniradovinatasa.com\/#organization\",\"name\":\"unikatni radovi natasa\",\"url\":\"https:\/\/unikatniradovinatasa.com\/\",\"logo\":{\"@type\":\"ImageObject\",\"inLanguage\":\"en-US\",\"@id\":\"https:\/\/unikatniradovinatasa.com\/#\/schema\/logo\/image\/\",\"url\":\"https:\/\/unikatniradovinatasa.com\/wp-content\/uploads\/2024\/02\/Logo.jpg\",\"contentUrl\":\"https:\/\/unikatniradovinatasa.com\/wp-content\/uploads\/2024\/02\/Logo.jpg\",\"width\":1850,\"height\":818,\"caption\":\"unikatni radovi natasa\"},\"image\":{\"@id\":\"https:\/\/unikatniradovinatasa.com\/#\/schema\/logo\/image\/\"},\"sameAs\":[\"https:\/\/www.facebook.com\/unikatniradovinata\/\",\"https:\/\/www.instagram.com\/unikatni_radovi_natasa\/\"]}]}<\/script>\n<!-- \/ Yoast SEO plugin. -->","yoast_head_json":{"title":"Slike od kamen\u010di\u0107a - Unikatni radovi Natasa","robots":{"index":"index","follow":"follow","max-snippet":"max-snippet:-1","max-image-preview":"max-image-preview:large","max-video-preview":"max-video-preview:-1"},"canonical":"https:\/\/unikatniradovinatasa.com\/index.php\/slike-od-kamencica\/","og_locale":"en_US","og_type":"article","og_title":"Slike od kamen\u010di\u0107a - Unikatni radovi Natasa","og_description":"Slike od kamen\u010di\u0107aOtkrijte magiju umetnosti koja se ra\u0111a iz kamena. Sa ljubavlju i pa\u017enjom izra\u0111ujem slike od kamenc\u0301i\u0107a, unikatne i originalne, koje su idealne za svaku priliku. Bilo da tra\u017eite originalan poklon za ro\u0111endan drage osobe, organizujete devoja\u010dko ve\u010de i \u017eelite da iznenadite budu\u0107u mladu ili \u017eelite da obradujete vaspita\u010dicu i nastavnicu sa posebnim poklonom, [&hellip;]","og_url":"https:\/\/unikatniradovinatasa.com\/index.php\/slike-od-kamencica\/","og_site_name":"Unikatni radovi Natasa","article_publisher":"https:\/\/www.facebook.com\/unikatniradovinata\/","article_modified_time":"2025-06-20T15:59:45+00:00","twitter_card":"summary_large_image","twitter_misc":{"Est. reading time":"7 minutes"},"schema":{"@context":"https:\/\/schema.org","@graph":[{"@type":"WebPage","@id":"https:\/\/unikatniradovinatasa.com\/index.php\/slike-od-kamencica\/","url":"https:\/\/unikatniradovinatasa.com\/index.php\/slike-od-kamencica\/","name":"Slike od kamen\u010di\u0107a - Unikatni radovi Natasa","isPartOf":{"@id":"https:\/\/unikatniradovinatasa.com\/#website"},"datePublished":"2024-03-12T21:07:00+00:00","dateModified":"2025-06-20T15:59:45+00:00","breadcrumb":{"@id":"https:\/\/unikatniradovinatasa.com\/index.php\/slike-od-kamencica\/#breadcrumb"},"inLanguage":"en-US","potentialAction":[{"@type":"ReadAction","target":["https:\/\/unikatniradovinatasa.com\/index.php\/slike-od-kamencica\/"]}]},{"@type":"BreadcrumbList","@id":"https:\/\/unikatniradovinatasa.com\/index.php\/slike-od-kamencica\/#breadcrumb","itemListElement":[{"@type":"ListItem","position":1,"name":"Home","item":"https:\/\/unikatniradovinatasa.com\/"},{"@type":"ListItem","position":2,"name":"Slike od kamen\u010di\u0107a"}]},{"@type":"WebSite","@id":"https:\/\/unikatniradovinatasa.com\/#website","url":"https:\/\/unikatniradovinatasa.com\/","name":"Rucni radovi","description":"Ru\u010dni radovi","publisher":{"@id":"https:\/\/unikatniradovinatasa.com\/#organization"},"potentialAction":[{"@type":"SearchAction","target":{"@type":"EntryPoint","urlTemplate":"https:\/\/unikatniradovinatasa.com\/?s={search_term_string}"},"query-input":{"@type":"PropertyValueSpecification","valueRequired":true,"valueName":"search_term_string"}}],"inLanguage":"en-US"},{"@type":"Organization","@id":"https:\/\/unikatniradovinatasa.com\/#organization","name":"unikatni radovi natasa","url":"https:\/\/unikatniradovinatasa.com\/","logo":{"@type":"ImageObject","inLanguage":"en-US","@id":"https:\/\/unikatniradovinatasa.com\/#\/schema\/logo\/image\/","url":"https:\/\/unikatniradovinatasa.com\/wp-content\/uploads\/2024\/02\/Logo.jpg","contentUrl":"https:\/\/unikatniradovinatasa.com\/wp-content\/uploads\/2024\/02\/Logo.jpg","width":1850,"height":818,"caption":"unikatni radovi natasa"},"image":{"@id":"https:\/\/unikatniradovinatasa.com\/#\/schema\/logo\/image\/"},"sameAs":["https:\/\/www.facebook.com\/unikatniradovinata\/","https:\/\/www.instagram.com\/unikatni_radovi_natasa\/"]}]}},"_links":{"self":[{"href":"https:\/\/unikatniradovinatasa.com\/index.php\/wp-json\/wp\/v2\/pages\/135","targetHints":{"allow":["GET"]}}],"collection":[{"href":"https:\/\/unikatniradovinatasa.com\/index.php\/wp-json\/wp\/v2\/pages"}],"about":[{"href":"https:\/\/unikatniradovinatasa.com\/index.php\/wp-json\/wp\/v2\/types\/page"}],"author":[{"embeddable":true,"href":"https:\/\/unikatniradovinatasa.com\/index.php\/wp-json\/wp\/v2\/users\/2"}],"replies":[{"embeddable":true,"href":"https:\/\/unikatniradovinatasa.com\/index.php\/wp-json\/wp\/v2\/comments?post=135"}],"version-history":[{"count":14,"href":"https:\/\/unikatniradovinatasa.com\/index.php\/wp-json\/wp\/v2\/pages\/135\/revisions"}],"predecessor-version":[{"id":1144,"href":"https:\/\/unikatniradovinatasa.com\/index.php\/wp-json\/wp\/v2\/pages\/135\/revisions\/1144"}],"wp:attachment":[{"href":"https:\/\/unikatniradovinatasa.com\/index.php\/wp-json\/wp\/v2\/media?parent=135"}],"curies":[{"name":"wp","href":"https:\/\/api.w.org\/{rel}","templated":true}]}}